{"id":102,"date":"2024-12-09T09:33:28","date_gmt":"2024-12-09T08:33:28","guid":{"rendered":"https:\/\/gdm.sosthe.sk\/~abrada\/?page_id=102"},"modified":"2024-12-09T09:35:34","modified_gmt":"2024-12-09T08:35:34","slug":"zadania-hodiny-php","status":"publish","type":"page","link":"https:\/\/gdm.sosthe.sk\/~abrada\/zadania-hodiny-php\/","title":{"rendered":"Cas a datum v PHP"},"content":{"rendered":"<h3><strong>\u00daloha:\u00a0Vytvorte webov\u00fa str\u00e1nku s n\u00e1zvom\u00a0<em>time.php<\/em>, ktor\u00e1 bude obsahova\u0165 PHP skript pomocou ktor\u00e9ho sa na str\u00e1nke zobraz\u00ed aktu\u00e1lny \u010das, n\u00e1zov d\u0148a v t\u00fd\u017edni a aktu\u00e1lny d\u00e1tum v slovenskom z\u00e1pise.<\/strong><\/h3>\n<h3><strong>Podmienky:\u00a0Vytvoren\u00fd dokument umiestnite na svoj blog v\u00a0polo\u017eke PHP ako \u201eZadanie \u010d.8 D\u00e1tum a \u010das\u201c s\u00a0pln\u00fdm znen\u00edm \u00falohy a\u00a0odkazom na s\u00fabor\u00a0<em>time.php<\/em><\/strong><\/h3>\n<p><a href=\"https:\/\/gdm.sosthe.sk\/~abrada\/zadania\/hodiny.php\">odkaz<\/a><\/p>\n","protected":false},"excerpt":{"rendered":"<p>\u00daloha:\u00a0Vytvorte webov\u00fa str\u00e1nku s n\u00e1zvom\u00a0time.php, ktor\u00e1 bude obsahova\u0165 PHP skript pomocou ktor\u00e9ho sa na str\u00e1nke zobraz\u00ed aktu\u00e1lny \u010das, n\u00e1zov d\u0148a v t\u00fd\u017edni a aktu\u00e1lny d\u00e1tum v slovenskom z\u00e1pise. Podmienky:\u00a0Vytvoren\u00fd dokument umiestnite na svoj blog v\u00a0polo\u017eke PHP ako \u201eZadanie \u010d.8 D\u00e1tum a \u010das\u201c s\u00a0pln\u00fdm znen\u00edm \u00falohy a\u00a0odkazom na s\u00fabor\u00a0time.php odkaz<\/p>\n","protected":false},"author":1,"featured_media":0,"parent":0,"menu_order":0,"comment_status":"closed","ping_status":"closed","template":"","meta":{"footnotes":""},"class_list":["post-102","page","type-page","status-publish","hentry"],"_links":{"self":[{"href":"https:\/\/gdm.sosthe.sk\/~abrada\/wp-json\/wp\/v2\/pages\/102","targetHints":{"allow":["GET"]}}],"collection":[{"href":"https:\/\/gdm.sosthe.sk\/~abrada\/wp-json\/wp\/v2\/pages"}],"about":[{"href":"https:\/\/gdm.sosthe.sk\/~abrada\/wp-json\/wp\/v2\/types\/page"}],"author":[{"embeddable":true,"href":"https:\/\/gdm.sosthe.sk\/~abrada\/wp-json\/wp\/v2\/users\/1"}],"replies":[{"embeddable":true,"href":"https:\/\/gdm.sosthe.sk\/~abrada\/wp-json\/wp\/v2\/comments?post=102"}],"version-history":[{"count":3,"href":"https:\/\/gdm.sosthe.sk\/~abrada\/wp-json\/wp\/v2\/pages\/102\/revisions"}],"predecessor-version":[{"id":106,"href":"https:\/\/gdm.sosthe.sk\/~abrada\/wp-json\/wp\/v2\/pages\/102\/revisions\/106"}],"wp:attachment":[{"href":"https:\/\/gdm.sosthe.sk\/~abrada\/wp-json\/wp\/v2\/media?parent=102"}],"curies":[{"name":"wp","href":"https:\/\/api.w.org\/{rel}","templated":true}]}}