{"id":113,"date":"2025-01-13T09:08:40","date_gmt":"2025-01-13T08:08:40","guid":{"rendered":"https:\/\/gdm.sosthe.sk\/~abrada\/?page_id=113"},"modified":"2025-01-13T09:37:17","modified_gmt":"2025-01-13T08:37:17","slug":"cykly-v-php","status":"publish","type":"page","link":"https:\/\/gdm.sosthe.sk\/~abrada\/cykly-v-php\/","title":{"rendered":"cykly v PHP"},"content":{"rendered":"<h3>\u00daloha:\u00a0Vytvorte webov\u00fa str\u00e1nku s n\u00e1zvom cyklus.php po spusten\u00ed, ktorej sa zobraz\u00ed st\u013apec \u010d\u00edsel od 1 do 12; potom skript na tejto str\u00e1nke upravte tak, aby po spusten\u00ed zobrazil namiesto \u010d\u00edsel n\u00e1zvy mesiacov v slovenskej transkripci\u00ed.<\/h3>\n<h3>Podmienky:\u00a0Vytvoren\u00fd dokument umiestnite na svoj blog v polo\u017eke PHP ako \u201eZadanie \u010d.9 Vetvenie a cykly\u201c s pln\u00fdm znen\u00edm \u00falohy a odkazom na s\u00fabor cyklus.php<\/h3>\n<p><a href=\"https:\/\/gdm.sosthe.sk\/~abrada\/zadania\/vetvenie.php\">odkaz<\/a><\/p>\n","protected":false},"excerpt":{"rendered":"<p>\u00daloha:\u00a0Vytvorte webov\u00fa str\u00e1nku s n\u00e1zvom cyklus.php po spusten\u00ed, ktorej sa zobraz\u00ed st\u013apec \u010d\u00edsel od 1 do 12; potom skript na tejto str\u00e1nke upravte tak, aby po spusten\u00ed zobrazil namiesto \u010d\u00edsel n\u00e1zvy mesiacov v slovenskej transkripci\u00ed. Podmienky:\u00a0Vytvoren\u00fd dokument umiestnite na svoj blog v polo\u017eke PHP ako \u201eZadanie \u010d.9 Vetvenie a cykly\u201c s pln\u00fdm znen\u00edm \u00falohy a &hellip; <\/p>\n<p class=\"link-more\"><a href=\"https:\/\/gdm.sosthe.sk\/~abrada\/cykly-v-php\/\" class=\"more-link\">Pokra\u010dova\u0165 v \u010d\u00edtan\u00ed<span class=\"screen-reader-text\"> &#8222;cykly v PHP&#8220;<\/span><\/a><\/p>\n","protected":false},"author":1,"featured_media":0,"parent":0,"menu_order":0,"comment_status":"closed","ping_status":"closed","template":"","meta":{"footnotes":""},"class_list":["post-113","page","type-page","status-publish","hentry"],"_links":{"self":[{"href":"https:\/\/gdm.sosthe.sk\/~abrada\/wp-json\/wp\/v2\/pages\/113","targetHints":{"allow":["GET"]}}],"collection":[{"href":"https:\/\/gdm.sosthe.sk\/~abrada\/wp-json\/wp\/v2\/pages"}],"about":[{"href":"https:\/\/gdm.sosthe.sk\/~abrada\/wp-json\/wp\/v2\/types\/page"}],"author":[{"embeddable":true,"href":"https:\/\/gdm.sosthe.sk\/~abrada\/wp-json\/wp\/v2\/users\/1"}],"replies":[{"embeddable":true,"href":"https:\/\/gdm.sosthe.sk\/~abrada\/wp-json\/wp\/v2\/comments?post=113"}],"version-history":[{"count":2,"href":"https:\/\/gdm.sosthe.sk\/~abrada\/wp-json\/wp\/v2\/pages\/113\/revisions"}],"predecessor-version":[{"id":115,"href":"https:\/\/gdm.sosthe.sk\/~abrada\/wp-json\/wp\/v2\/pages\/113\/revisions\/115"}],"wp:attachment":[{"href":"https:\/\/gdm.sosthe.sk\/~abrada\/wp-json\/wp\/v2\/media?parent=113"}],"curies":[{"name":"wp","href":"https:\/\/api.w.org\/{rel}","templated":true}]}}