{"id":117,"date":"2025-01-20T10:14:36","date_gmt":"2025-01-20T09:14:36","guid":{"rendered":"https:\/\/gdm.sosthe.sk\/~abrada\/?page_id=117"},"modified":"2025-01-20T10:14:44","modified_gmt":"2025-01-20T09:14:44","slug":"funkcie","status":"publish","type":"page","link":"https:\/\/gdm.sosthe.sk\/~abrada\/funkcie\/","title":{"rendered":"Funkcie v PHP"},"content":{"rendered":"<h3><strong>\u00daloha:\u00a0Vytvorte s\u00fabor s n\u00e1zvom funkcia.php, ktor\u00fd bude obsahova\u0165 skript, pomocou ktor\u00e9ho vytvor\u00edte tabu\u013eku s ur\u010dit\u00fdm po\u010dtom st\u013apcov a riadkov. Potom vytvorte s\u00fabor tabulka.php zo skriptom, ktor\u00fd na\u010d\u00edta obsah s\u00faboru funkcia.php. V\u00fdstupom m\u00e1 by\u0165 vykreslenie tabu\u013eky zo zadan\u00fdm po\u010dtom riadkov a st\u013apcov, po spusten\u00ed skriptu tabulka.php.<\/strong><\/h3>\n<h3><strong>Podmienky:\u00a0Vytvoren\u00fd dokument umiestnite na svoj blog v polo\u017eke PHP ako \u201eZadanie \u010d.10 Funkcie\u201c s pln\u00fdm znen\u00edm \u00falohy a odkazom na s\u00fabor tabulka.php<\/strong><\/h3>\n<p><a href=\"https:\/\/gdm.sosthe.sk\/~abrada\/zadania\/tabulka.php\">odkaz<\/a><\/p>\n","protected":false},"excerpt":{"rendered":"<p>\u00daloha:\u00a0Vytvorte s\u00fabor s n\u00e1zvom funkcia.php, ktor\u00fd bude obsahova\u0165 skript, pomocou ktor\u00e9ho vytvor\u00edte tabu\u013eku s ur\u010dit\u00fdm po\u010dtom st\u013apcov a riadkov. Potom vytvorte s\u00fabor tabulka.php zo skriptom, ktor\u00fd na\u010d\u00edta obsah s\u00faboru funkcia.php. V\u00fdstupom m\u00e1 by\u0165 vykreslenie tabu\u013eky zo zadan\u00fdm po\u010dtom riadkov a st\u013apcov, po spusten\u00ed skriptu tabulka.php. Podmienky:\u00a0Vytvoren\u00fd dokument umiestnite na svoj blog v polo\u017eke PHP ako &hellip; <\/p>\n<p class=\"link-more\"><a href=\"https:\/\/gdm.sosthe.sk\/~abrada\/funkcie\/\" class=\"more-link\">Pokra\u010dova\u0165 v \u010d\u00edtan\u00ed<span class=\"screen-reader-text\"> &#8222;Funkcie v PHP&#8220;<\/span><\/a><\/p>\n","protected":false},"author":1,"featured_media":0,"parent":0,"menu_order":0,"comment_status":"closed","ping_status":"closed","template":"","meta":{"footnotes":""},"class_list":["post-117","page","type-page","status-publish","hentry"],"_links":{"self":[{"href":"https:\/\/gdm.sosthe.sk\/~abrada\/wp-json\/wp\/v2\/pages\/117","targetHints":{"allow":["GET"]}}],"collection":[{"href":"https:\/\/gdm.sosthe.sk\/~abrada\/wp-json\/wp\/v2\/pages"}],"about":[{"href":"https:\/\/gdm.sosthe.sk\/~abrada\/wp-json\/wp\/v2\/types\/page"}],"author":[{"embeddable":true,"href":"https:\/\/gdm.sosthe.sk\/~abrada\/wp-json\/wp\/v2\/users\/1"}],"replies":[{"embeddable":true,"href":"https:\/\/gdm.sosthe.sk\/~abrada\/wp-json\/wp\/v2\/comments?post=117"}],"version-history":[{"count":2,"href":"https:\/\/gdm.sosthe.sk\/~abrada\/wp-json\/wp\/v2\/pages\/117\/revisions"}],"predecessor-version":[{"id":119,"href":"https:\/\/gdm.sosthe.sk\/~abrada\/wp-json\/wp\/v2\/pages\/117\/revisions\/119"}],"wp:attachment":[{"href":"https:\/\/gdm.sosthe.sk\/~abrada\/wp-json\/wp\/v2\/media?parent=117"}],"curies":[{"name":"wp","href":"https:\/\/api.w.org\/{rel}","templated":true}]}}