{"id":127,"date":"2025-02-24T08:52:09","date_gmt":"2025-02-24T07:52:09","guid":{"rendered":"https:\/\/gdm.sosthe.sk\/~abrada\/?page_id=127"},"modified":"2025-02-24T09:11:41","modified_gmt":"2025-02-24T08:11:41","slug":"kalkulacka-php-html","status":"publish","type":"page","link":"https:\/\/gdm.sosthe.sk\/~abrada\/kalkulacka-php-html\/","title":{"rendered":"Kalkula\u010dka PHP\/HTML"},"content":{"rendered":"<h3>\u00daloha:\u00a0Vytvorte webov\u00fa str\u00e1nku s n\u00e1zvom\u00a0<em>vypocet.php<\/em>, ktor\u00e1 bude obsahova\u0165 skript, pomocou ktor\u00e9ho vytvor\u00edte s\u00fa\u010det, rozdiel, s\u00fa\u010din a podiel dvoch zadan\u00fdch \u010d\u00edsel ako v\u00a0predch\u00e1dzaj\u00facom cvi\u010den\u00ed. Rozdiel oproti cvi\u010deniu \u010d.10 bude v\u00a0tom, \u017ee \u010d\u00edsla zad\u00e1me pomocou formul\u00e1ra a v\u00fdstupom bude zobrazenie zadan\u00fdch dvoch \u010d\u00edsel a v\u00fdsledku jednotliv\u00fdch matematick\u00fdch oper\u00e1ci\u00ed.<\/h3>\n<h3>Podmienky:\u00a0Vytvoren\u00fd dokument umiestnite na svoj blog v\u00a0polo\u017eke PHP ako \u201eZadanie \u010d.11 V\u00fdpo\u010det formul\u00e1rom\u201c s\u00a0pln\u00fdm znen\u00edm \u00falohy a\u00a0odkazom na s\u00fabor\u00a0<em>vypocet.php<\/em><\/h3>\n<p><strong><a href=\"https:\/\/gdm.sosthe.sk\/~abrada\/zadania\/kalkulacka.html\">kalkuluj si<\/a><\/strong><\/p>\n","protected":false},"excerpt":{"rendered":"<p>\u00daloha:\u00a0Vytvorte webov\u00fa str\u00e1nku s n\u00e1zvom\u00a0vypocet.php, ktor\u00e1 bude obsahova\u0165 skript, pomocou ktor\u00e9ho vytvor\u00edte s\u00fa\u010det, rozdiel, s\u00fa\u010din a podiel dvoch zadan\u00fdch \u010d\u00edsel ako v\u00a0predch\u00e1dzaj\u00facom cvi\u010den\u00ed. Rozdiel oproti cvi\u010deniu \u010d.10 bude v\u00a0tom, \u017ee \u010d\u00edsla zad\u00e1me pomocou formul\u00e1ra a v\u00fdstupom bude zobrazenie zadan\u00fdch dvoch \u010d\u00edsel a v\u00fdsledku jednotliv\u00fdch matematick\u00fdch oper\u00e1ci\u00ed. Podmienky:\u00a0Vytvoren\u00fd dokument umiestnite na svoj blog v\u00a0polo\u017eke PHP ako &hellip; <\/p>\n<p class=\"link-more\"><a href=\"https:\/\/gdm.sosthe.sk\/~abrada\/kalkulacka-php-html\/\" class=\"more-link\">Pokra\u010dova\u0165 v \u010d\u00edtan\u00ed<span class=\"screen-reader-text\"> &#8222;Kalkula\u010dka PHP\/HTML&#8220;<\/span><\/a><\/p>\n","protected":false},"author":1,"featured_media":0,"parent":0,"menu_order":0,"comment_status":"closed","ping_status":"closed","template":"","meta":{"footnotes":""},"class_list":["post-127","page","type-page","status-publish","hentry"],"_links":{"self":[{"href":"https:\/\/gdm.sosthe.sk\/~abrada\/wp-json\/wp\/v2\/pages\/127","targetHints":{"allow":["GET"]}}],"collection":[{"href":"https:\/\/gdm.sosthe.sk\/~abrada\/wp-json\/wp\/v2\/pages"}],"about":[{"href":"https:\/\/gdm.sosthe.sk\/~abrada\/wp-json\/wp\/v2\/types\/page"}],"author":[{"embeddable":true,"href":"https:\/\/gdm.sosthe.sk\/~abrada\/wp-json\/wp\/v2\/users\/1"}],"replies":[{"embeddable":true,"href":"https:\/\/gdm.sosthe.sk\/~abrada\/wp-json\/wp\/v2\/comments?post=127"}],"version-history":[{"count":2,"href":"https:\/\/gdm.sosthe.sk\/~abrada\/wp-json\/wp\/v2\/pages\/127\/revisions"}],"predecessor-version":[{"id":130,"href":"https:\/\/gdm.sosthe.sk\/~abrada\/wp-json\/wp\/v2\/pages\/127\/revisions\/130"}],"wp:attachment":[{"href":"https:\/\/gdm.sosthe.sk\/~abrada\/wp-json\/wp\/v2\/media?parent=127"}],"curies":[{"name":"wp","href":"https:\/\/api.w.org\/{rel}","templated":true}]}}