{"id":136,"date":"2025-03-24T09:57:07","date_gmt":"2025-03-24T08:57:07","guid":{"rendered":"https:\/\/gdm.sosthe.sk\/~abrada\/?page_id=136"},"modified":"2025-03-24T09:57:07","modified_gmt":"2025-03-24T08:57:07","slug":"posli-mi-gmail-php-uloha","status":"publish","type":"page","link":"https:\/\/gdm.sosthe.sk\/~abrada\/posli-mi-gmail-php-uloha\/","title":{"rendered":"Posli mi gmail.php uloha"},"content":{"rendered":"<h3><strong>\u00daloha:\u00a0Vytvorte formul\u00e1r s n\u00e1zvom email.php pomocou ktor\u00e9ho budeme m\u00f4c\u0165 odosla\u0165 textov\u00fa spr\u00e1vu na \u013eubovo\u013en\u00fa emailov\u00fa adresu. Skript na odosielanie emailu sa bude naz\u00fdva\u0165 sprava.php.<\/strong><\/h3>\n<h3><strong>Podmienky:\u00a0Vytvoren\u00fd dokument umiestnite na svoj blog v\u00a0polo\u017eke PHP ako \u201eZadanie \u010d.13 Odosielanie e-mailu\u201c s\u00a0pln\u00fdm znen\u00edm \u00falohy a\u00a0odkazom na s\u00fabor\u00a0<em>email.html<\/em><\/strong><\/h3>\n<p><a href=\"https:\/\/gdm.sosthe.sk\/~abrada\/zadania\/mail.html\">odkaz<\/a><\/p>\n","protected":false},"excerpt":{"rendered":"<p>\u00daloha:\u00a0Vytvorte formul\u00e1r s n\u00e1zvom email.php pomocou ktor\u00e9ho budeme m\u00f4c\u0165 odosla\u0165 textov\u00fa spr\u00e1vu na \u013eubovo\u013en\u00fa emailov\u00fa adresu. Skript na odosielanie emailu sa bude naz\u00fdva\u0165 sprava.php. Podmienky:\u00a0Vytvoren\u00fd dokument umiestnite na svoj blog v\u00a0polo\u017eke PHP ako \u201eZadanie \u010d.13 Odosielanie e-mailu\u201c s\u00a0pln\u00fdm znen\u00edm \u00falohy a\u00a0odkazom na s\u00fabor\u00a0email.html odkaz<\/p>\n","protected":false},"author":1,"featured_media":0,"parent":0,"menu_order":0,"comment_status":"closed","ping_status":"closed","template":"","meta":{"footnotes":""},"class_list":["post-136","page","type-page","status-publish","hentry"],"_links":{"self":[{"href":"https:\/\/gdm.sosthe.sk\/~abrada\/wp-json\/wp\/v2\/pages\/136","targetHints":{"allow":["GET"]}}],"collection":[{"href":"https:\/\/gdm.sosthe.sk\/~abrada\/wp-json\/wp\/v2\/pages"}],"about":[{"href":"https:\/\/gdm.sosthe.sk\/~abrada\/wp-json\/wp\/v2\/types\/page"}],"author":[{"embeddable":true,"href":"https:\/\/gdm.sosthe.sk\/~abrada\/wp-json\/wp\/v2\/users\/1"}],"replies":[{"embeddable":true,"href":"https:\/\/gdm.sosthe.sk\/~abrada\/wp-json\/wp\/v2\/comments?post=136"}],"version-history":[{"count":1,"href":"https:\/\/gdm.sosthe.sk\/~abrada\/wp-json\/wp\/v2\/pages\/136\/revisions"}],"predecessor-version":[{"id":137,"href":"https:\/\/gdm.sosthe.sk\/~abrada\/wp-json\/wp\/v2\/pages\/136\/revisions\/137"}],"wp:attachment":[{"href":"https:\/\/gdm.sosthe.sk\/~abrada\/wp-json\/wp\/v2\/media?parent=136"}],"curies":[{"name":"wp","href":"https:\/\/api.w.org\/{rel}","templated":true}]}}