{"id":39,"date":"2024-09-23T09:20:08","date_gmt":"2024-09-23T07:20:08","guid":{"rendered":"https:\/\/gdm.sosthe.sk\/~abrada\/?page_id=39"},"modified":"2025-05-05T09:10:08","modified_gmt":"2025-05-05T07:10:08","slug":"o-mne","status":"publish","type":"page","link":"https:\/\/gdm.sosthe.sk\/~abrada\/","title":{"rendered":"O mne"},"content":{"rendered":"<p style=\"text-align: center;\">Alex Branislav Rada<br \/>\nM\u00e1m 18 rokov<br \/>\n\u017dijem<br \/>\n\u0160tudujem na <a style=\"font-size: 1rem; color: #000000;\" href=\"http:\/\/gdm.sosthe.sk\">strednej odbornej \u0161kole technieckej<\/a> v<span style=\"font-size: 1rem;\">\u00a0Humennom.<\/span><\/p>\n<p style=\"text-align: center;\"><img loading=\"lazy\" decoding=\"async\" class=\"alignnone wp-image-63\" src=\"https:\/\/gdm.sosthe.sk\/~abrada\/wp-content\/uploads\/2024\/09\/Fotka-225x300.jpg\" alt=\"\" width=\"96\" height=\"128\" srcset=\"https:\/\/gdm.sosthe.sk\/~abrada\/wp-content\/uploads\/2024\/09\/Fotka-225x300.jpg 225w, https:\/\/gdm.sosthe.sk\/~abrada\/wp-content\/uploads\/2024\/09\/Fotka.jpg 300w\" sizes=\"auto, (max-width: 96px) 100vw, 96px\" \/><br \/>\nToto nesom ja, ukradli mi identiu.<\/p>\n","protected":false},"excerpt":{"rendered":"<p>Alex Branislav Rada M\u00e1m 18 rokov \u017dijem \u0160tudujem na strednej odbornej \u0161kole technieckej v\u00a0Humennom. Toto nesom ja, ukradli mi identiu.<\/p>\n","protected":false},"author":1,"featured_media":0,"parent":0,"menu_order":0,"comment_status":"closed","ping_status":"closed","template":"","meta":{"footnotes":""},"class_list":["post-39","page","type-page","status-publish","hentry"],"_links":{"self":[{"href":"https:\/\/gdm.sosthe.sk\/~abrada\/wp-json\/wp\/v2\/pages\/39","targetHints":{"allow":["GET"]}}],"collection":[{"href":"https:\/\/gdm.sosthe.sk\/~abrada\/wp-json\/wp\/v2\/pages"}],"about":[{"href":"https:\/\/gdm.sosthe.sk\/~abrada\/wp-json\/wp\/v2\/types\/page"}],"author":[{"embeddable":true,"href":"https:\/\/gdm.sosthe.sk\/~abrada\/wp-json\/wp\/v2\/users\/1"}],"replies":[{"embeddable":true,"href":"https:\/\/gdm.sosthe.sk\/~abrada\/wp-json\/wp\/v2\/comments?post=39"}],"version-history":[{"count":5,"href":"https:\/\/gdm.sosthe.sk\/~abrada\/wp-json\/wp\/v2\/pages\/39\/revisions"}],"predecessor-version":[{"id":144,"href":"https:\/\/gdm.sosthe.sk\/~abrada\/wp-json\/wp\/v2\/pages\/39\/revisions\/144"}],"wp:attachment":[{"href":"https:\/\/gdm.sosthe.sk\/~abrada\/wp-json\/wp\/v2\/media?parent=39"}],"curies":[{"name":"wp","href":"https:\/\/api.w.org\/{rel}","templated":true}]}}