{"id":76,"date":"2024-10-07T09:16:36","date_gmt":"2024-10-07T07:16:36","guid":{"rendered":"https:\/\/gdm.sosthe.sk\/~abrada\/?page_id=76"},"modified":"2024-10-07T09:23:48","modified_gmt":"2024-10-07T07:23:48","slug":"prehravanie-zvuku-v-html","status":"publish","type":"page","link":"https:\/\/gdm.sosthe.sk\/~abrada\/prehravanie-zvuku-v-html\/","title":{"rendered":"Prehr\u00e1vanie zvuku v html"},"content":{"rendered":"<h3><strong>\u00daloha:\u00a0Vytvorte HTML dokument s n\u00e1zvom\u00a0<em>audio.html<\/em>\u00a0v ktorom sa bud\u00fa prehr\u00e1va\u0165 vami vybran\u00e9 zvukov\u00e9 s\u00fabory s pou\u017eit\u00edm najvhodnej\u0161ej met\u00f3dy tak, aby str\u00e1nka s medi\u00e1lnym s\u00faborom bola prehrate\u013en\u00e1 v prehliada\u010doch IE, Firefox a Chrome.<\/strong><\/h3>\n<p><a href=\"https:\/\/gdm.sosthe.sk\/~abrada\/wp-content\/uploads\/2024\/10\/audio.html\">odkaz<\/a><\/p>\n","protected":false},"excerpt":{"rendered":"<p>\u00daloha:\u00a0Vytvorte HTML dokument s n\u00e1zvom\u00a0audio.html\u00a0v ktorom sa bud\u00fa prehr\u00e1va\u0165 vami vybran\u00e9 zvukov\u00e9 s\u00fabory s pou\u017eit\u00edm najvhodnej\u0161ej met\u00f3dy tak, aby str\u00e1nka s medi\u00e1lnym s\u00faborom bola prehrate\u013en\u00e1 v prehliada\u010doch IE, Firefox a Chrome. odkaz<\/p>\n","protected":false},"author":1,"featured_media":0,"parent":0,"menu_order":0,"comment_status":"closed","ping_status":"closed","template":"","meta":{"footnotes":""},"class_list":["post-76","page","type-page","status-publish","hentry"],"_links":{"self":[{"href":"https:\/\/gdm.sosthe.sk\/~abrada\/wp-json\/wp\/v2\/pages\/76","targetHints":{"allow":["GET"]}}],"collection":[{"href":"https:\/\/gdm.sosthe.sk\/~abrada\/wp-json\/wp\/v2\/pages"}],"about":[{"href":"https:\/\/gdm.sosthe.sk\/~abrada\/wp-json\/wp\/v2\/types\/page"}],"author":[{"embeddable":true,"href":"https:\/\/gdm.sosthe.sk\/~abrada\/wp-json\/wp\/v2\/users\/1"}],"replies":[{"embeddable":true,"href":"https:\/\/gdm.sosthe.sk\/~abrada\/wp-json\/wp\/v2\/comments?post=76"}],"version-history":[{"count":4,"href":"https:\/\/gdm.sosthe.sk\/~abrada\/wp-json\/wp\/v2\/pages\/76\/revisions"}],"predecessor-version":[{"id":83,"href":"https:\/\/gdm.sosthe.sk\/~abrada\/wp-json\/wp\/v2\/pages\/76\/revisions\/83"}],"wp:attachment":[{"href":"https:\/\/gdm.sosthe.sk\/~abrada\/wp-json\/wp\/v2\/media?parent=76"}],"curies":[{"name":"wp","href":"https:\/\/api.w.org\/{rel}","templated":true}]}}