{"id":94,"date":"2024-10-21T09:32:15","date_gmt":"2024-10-21T07:32:15","guid":{"rendered":"https:\/\/gdm.sosthe.sk\/~abrada\/?page_id=94"},"modified":"2024-10-28T09:33:16","modified_gmt":"2024-10-28T08:33:16","slug":"java-script-v-html","status":"publish","type":"page","link":"https:\/\/gdm.sosthe.sk\/~abrada\/java-script-v-html\/","title":{"rendered":"Java script v HTML"},"content":{"rendered":"<h3><strong>\u00daloha:\u00a0Vytvorte HTML dokument, ktor\u00fd sa bude naz\u00fdva\u0165\u00a0<em>javascript.html<\/em>\u00a0a ktor\u00fd bude obsahova\u0165 kalend\u00e1r z hodinami zobrazovan\u00fd na pravej strane str\u00e1nky kde na \u013eavej strane sa bude nach\u00e1dza\u0165 text popisuj\u00faci hist\u00f3riu na\u0161ej \u0161koly.<\/strong><\/h3>\n<p>&nbsp;<\/p>\n<p><a href=\"https:\/\/gdm.sosthe.sk\/~abrada\/wp-content\/uploads\/2024\/10\/hodinkaaa.html\">odkaz<\/a><\/p>\n","protected":false},"excerpt":{"rendered":"<p>\u00daloha:\u00a0Vytvorte HTML dokument, ktor\u00fd sa bude naz\u00fdva\u0165\u00a0javascript.html\u00a0a ktor\u00fd bude obsahova\u0165 kalend\u00e1r z hodinami zobrazovan\u00fd na pravej strane str\u00e1nky kde na \u013eavej strane sa bude nach\u00e1dza\u0165 text popisuj\u00faci hist\u00f3riu na\u0161ej \u0161koly. &nbsp; odkaz<\/p>\n","protected":false},"author":1,"featured_media":0,"parent":0,"menu_order":0,"comment_status":"closed","ping_status":"closed","template":"","meta":{"footnotes":""},"class_list":["post-94","page","type-page","status-publish","hentry"],"_links":{"self":[{"href":"https:\/\/gdm.sosthe.sk\/~abrada\/wp-json\/wp\/v2\/pages\/94","targetHints":{"allow":["GET"]}}],"collection":[{"href":"https:\/\/gdm.sosthe.sk\/~abrada\/wp-json\/wp\/v2\/pages"}],"about":[{"href":"https:\/\/gdm.sosthe.sk\/~abrada\/wp-json\/wp\/v2\/types\/page"}],"author":[{"embeddable":true,"href":"https:\/\/gdm.sosthe.sk\/~abrada\/wp-json\/wp\/v2\/users\/1"}],"replies":[{"embeddable":true,"href":"https:\/\/gdm.sosthe.sk\/~abrada\/wp-json\/wp\/v2\/comments?post=94"}],"version-history":[{"count":2,"href":"https:\/\/gdm.sosthe.sk\/~abrada\/wp-json\/wp\/v2\/pages\/94\/revisions"}],"predecessor-version":[{"id":99,"href":"https:\/\/gdm.sosthe.sk\/~abrada\/wp-json\/wp\/v2\/pages\/94\/revisions\/99"}],"wp:attachment":[{"href":"https:\/\/gdm.sosthe.sk\/~abrada\/wp-json\/wp\/v2\/media?parent=94"}],"curies":[{"name":"wp","href":"https:\/\/api.w.org\/{rel}","templated":true}]}}