{"id":102,"date":"2025-03-24T09:48:57","date_gmt":"2025-03-24T08:48:57","guid":{"rendered":"https:\/\/gdm.sosthe.sk\/~mgajdos\/?page_id=102"},"modified":"2025-03-24T09:48:57","modified_gmt":"2025-03-24T08:48:57","slug":"odosielanie-e-mailu-pomocou-php","status":"publish","type":"page","link":"https:\/\/gdm.sosthe.sk\/~mgajdos\/odosielanie-e-mailu-pomocou-php\/","title":{"rendered":"Odosielanie e-mailu pomocou php"},"content":{"rendered":"<h2>Cvi\u010denie \u010d.13 \u2013 Odosielanie e-mailu pomocou php<\/h2>\n<div class=\"entry-content\">\n<h3>T\u00e9ma:\u00a0Odosielanie e-mailu pomocou php<\/h3>\n<h3>\u00daloha:\u00a0Vytvorte formul\u00e1r s n\u00e1zvom email.php pomocou ktor\u00e9ho budeme m\u00f4c\u0165 odosla\u0165 textov\u00fa spr\u00e1vu na \u013eubovo\u013en\u00fa emailov\u00fa adresu. Skript na odosielanie emailu sa bude naz\u00fdva\u0165 sprava.php.<\/h3>\n<h3>Podmienky:\u00a0Vytvoren\u00fd dokument umiestnite na svoj blog v\u00a0polo\u017eke PHP ako \u201eZadanie \u010d.13 Odosielanie e-mailu\u201c s\u00a0pln\u00fdm znen\u00edm \u00falohy a\u00a0odkazom na s\u00fabor\u00a0<em>email.html<\/em><\/h3>\n<p><a href=\"https:\/\/gdm.sosthe.sk\/~mgajdos\/zadania\/email\">odkaz<\/a><\/p>\n<\/div>\n","protected":false},"excerpt":{"rendered":"<p>Cvi\u010denie \u010d.13 \u2013 Odosielanie e-mailu pomocou php T\u00e9ma:\u00a0Odosielanie e-mailu pomocou php \u00daloha:\u00a0Vytvorte formul\u00e1r s n\u00e1zvom email.php pomocou ktor\u00e9ho budeme m\u00f4c\u0165 odosla\u0165 textov\u00fa spr\u00e1vu na \u013eubovo\u013en\u00fa emailov\u00fa adresu. Skript na odosielanie emailu sa bude naz\u00fdva\u0165 sprava.php. Podmienky:\u00a0Vytvoren\u00fd dokument umiestnite na svoj blog v\u00a0polo\u017eke PHP ako \u201eZadanie \u010d.13 Odosielanie e-mailu\u201c s\u00a0pln\u00fdm znen\u00edm \u00falohy a\u00a0odkazom na s\u00fabor\u00a0email.html odkaz<\/p>\n","protected":false},"author":1,"featured_media":0,"parent":0,"menu_order":0,"comment_status":"closed","ping_status":"closed","template":"","meta":{"footnotes":""},"_links":{"self":[{"href":"https:\/\/gdm.sosthe.sk\/~mgajdos\/wp-json\/wp\/v2\/pages\/102"}],"collection":[{"href":"https:\/\/gdm.sosthe.sk\/~mgajdos\/wp-json\/wp\/v2\/pages"}],"about":[{"href":"https:\/\/gdm.sosthe.sk\/~mgajdos\/wp-json\/wp\/v2\/types\/page"}],"author":[{"embeddable":true,"href":"https:\/\/gdm.sosthe.sk\/~mgajdos\/wp-json\/wp\/v2\/users\/1"}],"replies":[{"embeddable":true,"href":"https:\/\/gdm.sosthe.sk\/~mgajdos\/wp-json\/wp\/v2\/comments?post=102"}],"version-history":[{"count":1,"href":"https:\/\/gdm.sosthe.sk\/~mgajdos\/wp-json\/wp\/v2\/pages\/102\/revisions"}],"predecessor-version":[{"id":103,"href":"https:\/\/gdm.sosthe.sk\/~mgajdos\/wp-json\/wp\/v2\/pages\/102\/revisions\/103"}],"wp:attachment":[{"href":"https:\/\/gdm.sosthe.sk\/~mgajdos\/wp-json\/wp\/v2\/media?parent=102"}],"curies":[{"name":"wp","href":"https:\/\/api.w.org\/{rel}","templated":true}]}}