{"id":106,"date":"2025-04-28T09:01:22","date_gmt":"2025-04-28T07:01:22","guid":{"rendered":"https:\/\/gdm.sosthe.sk\/~mgajdos\/?page_id=106"},"modified":"2025-04-28T09:01:22","modified_gmt":"2025-04-28T07:01:22","slug":"vytvorenie-jednoduchej-diskusie","status":"publish","type":"page","link":"https:\/\/gdm.sosthe.sk\/~mgajdos\/vytvorenie-jednoduchej-diskusie\/","title":{"rendered":"Vytvorenie jednoduchej diskusie"},"content":{"rendered":"<h3>T\u00e9ma:\u00a0Vytvorenie jednoduchej diskusie<\/h3>\n<h3>\u00daloha:\u00a0Vytvorte webov\u00fa str\u00e1nku, ktor\u00e1 bude pracova\u0165 ako n\u00e1stenka alebo jednoduch\u00fd chat bez pou\u017eitia datab\u00e1zy. S\u00fabor pre formul\u00e1r pre zad\u00e1vanie koment\u00e1rov sa bude naz\u00fdva\u0165 diskusia.txt a s\u00fabor do ktor\u00e9ho bud\u00fa prid\u00e1van\u00e9 koment\u00e1re board.php<\/h3>\n<h3>Podmienky:\u00a0Vytvoren\u00fd dokument umiestnite na svoj blog v\u00a0polo\u017eke PHP \u201eZadanie \u010d.15 Diskusia\u201c<\/h3>\n<p><a href=\"https:\/\/gdm.sosthe.sk\/~mgajdos\/zadania\/prispevok.php\">odkaz<\/a><\/p>\n","protected":false},"excerpt":{"rendered":"<p>T\u00e9ma:\u00a0Vytvorenie jednoduchej diskusie \u00daloha:\u00a0Vytvorte webov\u00fa str\u00e1nku, ktor\u00e1 bude pracova\u0165 ako n\u00e1stenka alebo jednoduch\u00fd chat bez pou\u017eitia datab\u00e1zy. S\u00fabor pre formul\u00e1r pre zad\u00e1vanie koment\u00e1rov sa bude naz\u00fdva\u0165 diskusia.txt a s\u00fabor do ktor\u00e9ho bud\u00fa prid\u00e1van\u00e9 koment\u00e1re board.php Podmienky:\u00a0Vytvoren\u00fd dokument umiestnite na svoj blog v\u00a0polo\u017eke PHP \u201eZadanie \u010d.15 Diskusia\u201c odkaz<\/p>\n","protected":false},"author":1,"featured_media":0,"parent":0,"menu_order":0,"comment_status":"closed","ping_status":"closed","template":"","meta":{"footnotes":""},"_links":{"self":[{"href":"https:\/\/gdm.sosthe.sk\/~mgajdos\/wp-json\/wp\/v2\/pages\/106"}],"collection":[{"href":"https:\/\/gdm.sosthe.sk\/~mgajdos\/wp-json\/wp\/v2\/pages"}],"about":[{"href":"https:\/\/gdm.sosthe.sk\/~mgajdos\/wp-json\/wp\/v2\/types\/page"}],"author":[{"embeddable":true,"href":"https:\/\/gdm.sosthe.sk\/~mgajdos\/wp-json\/wp\/v2\/users\/1"}],"replies":[{"embeddable":true,"href":"https:\/\/gdm.sosthe.sk\/~mgajdos\/wp-json\/wp\/v2\/comments?post=106"}],"version-history":[{"count":1,"href":"https:\/\/gdm.sosthe.sk\/~mgajdos\/wp-json\/wp\/v2\/pages\/106\/revisions"}],"predecessor-version":[{"id":107,"href":"https:\/\/gdm.sosthe.sk\/~mgajdos\/wp-json\/wp\/v2\/pages\/106\/revisions\/107"}],"wp:attachment":[{"href":"https:\/\/gdm.sosthe.sk\/~mgajdos\/wp-json\/wp\/v2\/media?parent=106"}],"curies":[{"name":"wp","href":"https:\/\/api.w.org\/{rel}","templated":true}]}}