{"id":113,"date":"2025-05-19T09:24:23","date_gmt":"2025-05-19T07:24:23","guid":{"rendered":"https:\/\/gdm.sosthe.sk\/~mgajdos\/?page_id=113"},"modified":"2025-05-19T09:24:23","modified_gmt":"2025-05-19T07:24:23","slug":"praca-s-mysql-databazami-ii","status":"publish","type":"page","link":"https:\/\/gdm.sosthe.sk\/~mgajdos\/praca-s-mysql-databazami-ii\/","title":{"rendered":"Pr\u00e1ca s MySQL datab\u00e1zami II."},"content":{"rendered":"<h3>\u00daloha: Vysk\u00fa\u0161ajte skripty pomocou ktor\u00fdch vytvor\u00edte nov\u00fa tabu\u013eku vo vytvorenej datab\u00e1ze, prid\u00e1te z\u00e1znamy a skontrolujete tabu\u013eky v datab\u00e1ze. Skripty bud\u00fa ulo\u017een\u00e9 v s\u00faboroch s n\u00e1zvom: vytvor_table.php, pridaj_zaznam.php, viac_zaznamov.php a vypis_zaznamov.php.<\/h3>\n<h3>Podmienky: Vytvoren\u00e9 s\u00fabory so skriptami umiestnite na svoj blog v polo\u017eke PHP \u201eZadanie \u010d.16 Pr\u00e1ca s MySQL datab\u00e1zami II.\u201c<\/h3>\n<p><a href=\"https:\/\/gdm.sosthe.sk\/~mgajdos\/zadania\/vytvor_table.php\">odkaz<\/a><\/p>\n<p><a href=\"https:\/\/gdm.sosthe.sk\/~mgajdos\/zadania\/pridaj_zaznam.php\">odkaz<\/a><\/p>\n<p><a href=\"https:\/\/gdm.sosthe.sk\/~mgajdos\/zadania\/viac_zaznamov.php\">odkaz<\/a><\/p>\n<p><a href=\"https:\/\/gdm.sosthe.sk\/~mgajdos\/zadania\/vypis_zaznamov.php\">odkaz<\/a><\/p>\n","protected":false},"excerpt":{"rendered":"<p>\u00daloha: Vysk\u00fa\u0161ajte skripty pomocou ktor\u00fdch vytvor\u00edte nov\u00fa tabu\u013eku vo vytvorenej datab\u00e1ze, prid\u00e1te z\u00e1znamy a skontrolujete tabu\u013eky v datab\u00e1ze. Skripty bud\u00fa ulo\u017een\u00e9 v s\u00faboroch s n\u00e1zvom: vytvor_table.php, pridaj_zaznam.php, viac_zaznamov.php a vypis_zaznamov.php. Podmienky: Vytvoren\u00e9 s\u00fabory so skriptami umiestnite na svoj blog v polo\u017eke PHP \u201eZadanie \u010d.16 Pr\u00e1ca s MySQL datab\u00e1zami II.\u201c odkaz odkaz odkaz odkaz<\/p>\n","protected":false},"author":1,"featured_media":0,"parent":0,"menu_order":0,"comment_status":"closed","ping_status":"closed","template":"","meta":{"footnotes":""},"_links":{"self":[{"href":"https:\/\/gdm.sosthe.sk\/~mgajdos\/wp-json\/wp\/v2\/pages\/113"}],"collection":[{"href":"https:\/\/gdm.sosthe.sk\/~mgajdos\/wp-json\/wp\/v2\/pages"}],"about":[{"href":"https:\/\/gdm.sosthe.sk\/~mgajdos\/wp-json\/wp\/v2\/types\/page"}],"author":[{"embeddable":true,"href":"https:\/\/gdm.sosthe.sk\/~mgajdos\/wp-json\/wp\/v2\/users\/1"}],"replies":[{"embeddable":true,"href":"https:\/\/gdm.sosthe.sk\/~mgajdos\/wp-json\/wp\/v2\/comments?post=113"}],"version-history":[{"count":1,"href":"https:\/\/gdm.sosthe.sk\/~mgajdos\/wp-json\/wp\/v2\/pages\/113\/revisions"}],"predecessor-version":[{"id":114,"href":"https:\/\/gdm.sosthe.sk\/~mgajdos\/wp-json\/wp\/v2\/pages\/113\/revisions\/114"}],"wp:attachment":[{"href":"https:\/\/gdm.sosthe.sk\/~mgajdos\/wp-json\/wp\/v2\/media?parent=113"}],"curies":[{"name":"wp","href":"https:\/\/api.w.org\/{rel}","templated":true}]}}