{"id":117,"date":"2025-06-02T09:51:07","date_gmt":"2025-06-02T07:51:07","guid":{"rendered":"https:\/\/gdm.sosthe.sk\/~mgajdos\/?page_id=117"},"modified":"2025-06-02T09:51:07","modified_gmt":"2025-06-02T07:51:07","slug":"pristup-na-webovu-stranku-po-prihlaseni","status":"publish","type":"page","link":"https:\/\/gdm.sosthe.sk\/~mgajdos\/pristup-na-webovu-stranku-po-prihlaseni\/","title":{"rendered":"Pr\u00edstup na webov\u00fa str\u00e1nku po prihl\u00e1sen\u00ed."},"content":{"rendered":"<h3>\u00daloha: Vytvorte prihlasovac\u00ed formul\u00e1r na prihl\u00e1senie k webovej str\u00e1nke pomocou prihlasovacieho mena a hesla. Po zadan\u00ed spr\u00e1vnych prihlasovac\u00edch \u00fadajov sa spust\u00ed chr\u00e1nen\u00e1 str\u00e1nka. S\u00fabor s formul\u00e1rom sa bude naz\u00fdva\u0165 prihlas.html, s\u00fabor s php skriptom na kontrolu prihlasovac\u00edch \u00fadajov bude stranka.php.<\/h3>\n<p><a href=\"https:\/\/gdm.sosthe.sk\/~mgajdos\/zadania\/prihlas.html\">odkaz<\/a><\/p>\n","protected":false},"excerpt":{"rendered":"<p>\u00daloha: Vytvorte prihlasovac\u00ed formul\u00e1r na prihl\u00e1senie k webovej str\u00e1nke pomocou prihlasovacieho mena a hesla. Po zadan\u00ed spr\u00e1vnych prihlasovac\u00edch \u00fadajov sa spust\u00ed chr\u00e1nen\u00e1 str\u00e1nka. S\u00fabor s formul\u00e1rom sa bude naz\u00fdva\u0165 prihlas.html, s\u00fabor s php skriptom na kontrolu prihlasovac\u00edch \u00fadajov bude stranka.php. odkaz<\/p>\n","protected":false},"author":1,"featured_media":0,"parent":0,"menu_order":0,"comment_status":"closed","ping_status":"closed","template":"","meta":{"footnotes":""},"_links":{"self":[{"href":"https:\/\/gdm.sosthe.sk\/~mgajdos\/wp-json\/wp\/v2\/pages\/117"}],"collection":[{"href":"https:\/\/gdm.sosthe.sk\/~mgajdos\/wp-json\/wp\/v2\/pages"}],"about":[{"href":"https:\/\/gdm.sosthe.sk\/~mgajdos\/wp-json\/wp\/v2\/types\/page"}],"author":[{"embeddable":true,"href":"https:\/\/gdm.sosthe.sk\/~mgajdos\/wp-json\/wp\/v2\/users\/1"}],"replies":[{"embeddable":true,"href":"https:\/\/gdm.sosthe.sk\/~mgajdos\/wp-json\/wp\/v2\/comments?post=117"}],"version-history":[{"count":1,"href":"https:\/\/gdm.sosthe.sk\/~mgajdos\/wp-json\/wp\/v2\/pages\/117\/revisions"}],"predecessor-version":[{"id":118,"href":"https:\/\/gdm.sosthe.sk\/~mgajdos\/wp-json\/wp\/v2\/pages\/117\/revisions\/118"}],"wp:attachment":[{"href":"https:\/\/gdm.sosthe.sk\/~mgajdos\/wp-json\/wp\/v2\/media?parent=117"}],"curies":[{"name":"wp","href":"https:\/\/api.w.org\/{rel}","templated":true}]}}