{"id":15,"date":"2024-09-23T09:20:10","date_gmt":"2024-09-23T07:20:10","guid":{"rendered":"https:\/\/gdm.sosthe.sk\/~mgajdos\/?page_id=15"},"modified":"2024-09-23T09:42:19","modified_gmt":"2024-09-23T07:42:19","slug":"o-mne","status":"publish","type":"page","link":"https:\/\/gdm.sosthe.sk\/~mgajdos\/","title":{"rendered":"O mne"},"content":{"rendered":"<p style=\"text-align: center;\">Vol\u00e1m sa Michal Gajdo\u0161.<\/p>\n<p style=\"text-align: center;\">M\u00e1m 17 rokov.<\/p>\n<p style=\"text-align: center;\">B\u00fdvam v Str\u00e1\u017eskom<\/p>\n<p style=\"text-align: center;\">Nav\u0161tevujem SOSTHE<\/p>\n<p><img decoding=\"async\" loading=\"lazy\" class=\"wp-image-36 aligncenter\" style=\"text-align: center;\" src=\"https:\/\/gdm.sosthe.sk\/~mgajdos\/wp-content\/uploads\/2024\/09\/art-portrait-of-a-teenager-1619083370Pl9-199x300.jpg\" alt=\"\" width=\"141\" height=\"213\" srcset=\"https:\/\/gdm.sosthe.sk\/~mgajdos\/wp-content\/uploads\/2024\/09\/art-portrait-of-a-teenager-1619083370Pl9-199x300.jpg 199w, https:\/\/gdm.sosthe.sk\/~mgajdos\/wp-content\/uploads\/2024\/09\/art-portrait-of-a-teenager-1619083370Pl9.jpg 408w\" sizes=\"(max-width: 141px) 100vw, 141px\" \/><\/p>\n","protected":false},"excerpt":{"rendered":"<p>Vol\u00e1m sa Michal Gajdo\u0161. M\u00e1m 17 rokov. B\u00fdvam v Str\u00e1\u017eskom Nav\u0161tevujem SOSTHE<\/p>\n","protected":false},"author":1,"featured_media":0,"parent":0,"menu_order":0,"comment_status":"closed","ping_status":"closed","template":"","meta":{"footnotes":""},"_links":{"self":[{"href":"https:\/\/gdm.sosthe.sk\/~mgajdos\/wp-json\/wp\/v2\/pages\/15"}],"collection":[{"href":"https:\/\/gdm.sosthe.sk\/~mgajdos\/wp-json\/wp\/v2\/pages"}],"about":[{"href":"https:\/\/gdm.sosthe.sk\/~mgajdos\/wp-json\/wp\/v2\/types\/page"}],"author":[{"embeddable":true,"href":"https:\/\/gdm.sosthe.sk\/~mgajdos\/wp-json\/wp\/v2\/users\/1"}],"replies":[{"embeddable":true,"href":"https:\/\/gdm.sosthe.sk\/~mgajdos\/wp-json\/wp\/v2\/comments?post=15"}],"version-history":[{"count":4,"href":"https:\/\/gdm.sosthe.sk\/~mgajdos\/wp-json\/wp\/v2\/pages\/15\/revisions"}],"predecessor-version":[{"id":37,"href":"https:\/\/gdm.sosthe.sk\/~mgajdos\/wp-json\/wp\/v2\/pages\/15\/revisions\/37"}],"wp:attachment":[{"href":"https:\/\/gdm.sosthe.sk\/~mgajdos\/wp-json\/wp\/v2\/media?parent=15"}],"curies":[{"name":"wp","href":"https:\/\/api.w.org\/{rel}","templated":true}]}}