{"id":38,"date":"2024-09-30T09:13:52","date_gmt":"2024-09-30T07:13:52","guid":{"rendered":"https:\/\/gdm.sosthe.sk\/~mgajdos\/?page_id=38"},"modified":"2024-09-30T09:26:08","modified_gmt":"2024-09-30T07:26:08","slug":"metadata-v-html","status":"publish","type":"page","link":"https:\/\/gdm.sosthe.sk\/~mgajdos\/metadata-v-html\/","title":{"rendered":"Metad\u00e1ta v HTML"},"content":{"rendered":"<h3>\u00daloha:\u00a0Vytvorte html dokument s\u00a0n\u00e1zvom metadata.html, ktor\u00fd bude v\u00a0hlavi\u010dke obsahova\u0165 metad\u00e1ta pre popis webovej str\u00e1nky, k\u013e\u00fa\u010dov\u00e9 slov\u00e1 pre vyh\u013ead\u00e1va\u010d, defin\u00edciu znakovej sady windows-1250, z\u00e1kaz index\u00e1cie str\u00e1nky a\u00a0\u00fadaje o\u00a0copyrighte a\u00a0autorovi str\u00e1nky. Samotn\u00fd obsah dokumentu bude text v\u00a0modrej farbe ve\u013ekosti 18 zarovnan\u00fd na stred: \u201eT\u00e1to str\u00e1nka obsahuje metad\u00e1ta.\u201c<\/h3>\n<h3>Podmienky:\u00a0Vytvoren\u00fd dokument umiestnite na svoj blog v\u00a0polo\u017eke HTML ako \u201eZadanie \u010d.1 Metad\u00e1ta v html\u201c s\u00a0pln\u00fdm znen\u00edm \u00falohy.<\/h3>\n<p><a href=\"https:\/\/gdm.sosthe.sk\/~mgajdos\/wp-content\/uploads\/2024\/09\/metadata.html\">Odkaz<\/a><\/p>\n","protected":false},"excerpt":{"rendered":"<p>\u00daloha:\u00a0Vytvorte html dokument s\u00a0n\u00e1zvom metadata.html, ktor\u00fd bude v\u00a0hlavi\u010dke obsahova\u0165 metad\u00e1ta pre popis webovej str\u00e1nky, k\u013e\u00fa\u010dov\u00e9 slov\u00e1 pre vyh\u013ead\u00e1va\u010d, defin\u00edciu znakovej sady windows-1250, z\u00e1kaz index\u00e1cie str\u00e1nky a\u00a0\u00fadaje o\u00a0copyrighte a\u00a0autorovi str\u00e1nky. Samotn\u00fd obsah dokumentu bude text v\u00a0modrej farbe ve\u013ekosti 18 zarovnan\u00fd na stred: \u201eT\u00e1to str\u00e1nka obsahuje metad\u00e1ta.\u201c Podmienky:\u00a0Vytvoren\u00fd dokument umiestnite na svoj blog v\u00a0polo\u017eke HTML ako \u201eZadanie \u010d.1 Metad\u00e1ta v html\u201c s\u00a0pln\u00fdm znen\u00edm \u00falohy. Odkaz<\/p>\n","protected":false},"author":1,"featured_media":0,"parent":0,"menu_order":0,"comment_status":"closed","ping_status":"closed","template":"","meta":{"footnotes":""},"_links":{"self":[{"href":"https:\/\/gdm.sosthe.sk\/~mgajdos\/wp-json\/wp\/v2\/pages\/38"}],"collection":[{"href":"https:\/\/gdm.sosthe.sk\/~mgajdos\/wp-json\/wp\/v2\/pages"}],"about":[{"href":"https:\/\/gdm.sosthe.sk\/~mgajdos\/wp-json\/wp\/v2\/types\/page"}],"author":[{"embeddable":true,"href":"https:\/\/gdm.sosthe.sk\/~mgajdos\/wp-json\/wp\/v2\/users\/1"}],"replies":[{"embeddable":true,"href":"https:\/\/gdm.sosthe.sk\/~mgajdos\/wp-json\/wp\/v2\/comments?post=38"}],"version-history":[{"count":1,"href":"https:\/\/gdm.sosthe.sk\/~mgajdos\/wp-json\/wp\/v2\/pages\/38\/revisions"}],"predecessor-version":[{"id":40,"href":"https:\/\/gdm.sosthe.sk\/~mgajdos\/wp-json\/wp\/v2\/pages\/38\/revisions\/40"}],"wp:attachment":[{"href":"https:\/\/gdm.sosthe.sk\/~mgajdos\/wp-json\/wp\/v2\/media?parent=38"}],"curies":[{"name":"wp","href":"https:\/\/api.w.org\/{rel}","templated":true}]}}