{"id":46,"date":"2024-10-07T09:17:37","date_gmt":"2024-10-07T07:17:37","guid":{"rendered":"https:\/\/gdm.sosthe.sk\/~mgajdos\/?page_id=46"},"modified":"2024-10-14T09:22:46","modified_gmt":"2024-10-14T07:22:46","slug":"prehravanie-zvuku-v-html","status":"publish","type":"page","link":"https:\/\/gdm.sosthe.sk\/~mgajdos\/prehravanie-zvuku-v-html\/","title":{"rendered":"Prehr\u00e1vanie zvuku v HTML"},"content":{"rendered":"<p>\u00daloha:\u00a0Vytvorte HTML dokument s n\u00e1zvom\u00a0<em>audio.html<\/em>\u00a0v ktorom sa bud\u00fa prehr\u00e1va\u0165 vami vybran\u00e9 zvukov\u00e9 s\u00fabory s pou\u017eit\u00edm najvhodnej\u0161ej met\u00f3dy tak, aby str\u00e1nka s medi\u00e1lnym s\u00faborom bola prehrate\u013en\u00e1 v prehliada\u010doch IE, Firefox a Chrome.<\/p>\n<p>Podmienky:\u00a0Vytvoren\u00fd dokument umiestnite na svoj blog v\u00a0polo\u017eke HTML ako \u201eZadanie \u010d.3 Prehr\u00e1vanie zvuku v html\u201c s\u00a0pln\u00fdm znen\u00edm \u00falohy a\u00a0odkazom na s\u00fabor.<\/p>\n<p><a href=\"https:\/\/gdm.sosthe.sk\/~mgajdos\/wp-content\/uploads\/2024\/10\/audio.html\">odkaz<\/a><\/p>\n","protected":false},"excerpt":{"rendered":"<p>\u00daloha:\u00a0Vytvorte HTML dokument s n\u00e1zvom\u00a0audio.html\u00a0v ktorom sa bud\u00fa prehr\u00e1va\u0165 vami vybran\u00e9 zvukov\u00e9 s\u00fabory s pou\u017eit\u00edm najvhodnej\u0161ej met\u00f3dy tak, aby str\u00e1nka s medi\u00e1lnym s\u00faborom bola prehrate\u013en\u00e1 v prehliada\u010doch IE, Firefox a Chrome. Podmienky:\u00a0Vytvoren\u00fd dokument umiestnite na svoj blog v\u00a0polo\u017eke HTML ako \u201eZadanie \u010d.3 Prehr\u00e1vanie zvuku v html\u201c s\u00a0pln\u00fdm znen\u00edm \u00falohy a\u00a0odkazom na s\u00fabor. odkaz<\/p>\n","protected":false},"author":1,"featured_media":0,"parent":0,"menu_order":0,"comment_status":"closed","ping_status":"closed","template":"","meta":{"footnotes":""},"_links":{"self":[{"href":"https:\/\/gdm.sosthe.sk\/~mgajdos\/wp-json\/wp\/v2\/pages\/46"}],"collection":[{"href":"https:\/\/gdm.sosthe.sk\/~mgajdos\/wp-json\/wp\/v2\/pages"}],"about":[{"href":"https:\/\/gdm.sosthe.sk\/~mgajdos\/wp-json\/wp\/v2\/types\/page"}],"author":[{"embeddable":true,"href":"https:\/\/gdm.sosthe.sk\/~mgajdos\/wp-json\/wp\/v2\/users\/1"}],"replies":[{"embeddable":true,"href":"https:\/\/gdm.sosthe.sk\/~mgajdos\/wp-json\/wp\/v2\/comments?post=46"}],"version-history":[{"count":3,"href":"https:\/\/gdm.sosthe.sk\/~mgajdos\/wp-json\/wp\/v2\/pages\/46\/revisions"}],"predecessor-version":[{"id":59,"href":"https:\/\/gdm.sosthe.sk\/~mgajdos\/wp-json\/wp\/v2\/pages\/46\/revisions\/59"}],"wp:attachment":[{"href":"https:\/\/gdm.sosthe.sk\/~mgajdos\/wp-json\/wp\/v2\/media?parent=46"}],"curies":[{"name":"wp","href":"https:\/\/api.w.org\/{rel}","templated":true}]}}