{"id":50,"date":"2024-10-07T09:54:05","date_gmt":"2024-10-07T07:54:05","guid":{"rendered":"https:\/\/gdm.sosthe.sk\/~mgajdos\/?page_id=50"},"modified":"2024-10-14T09:22:26","modified_gmt":"2024-10-14T07:22:26","slug":"prehravanie-videa-v-html","status":"publish","type":"page","link":"https:\/\/gdm.sosthe.sk\/~mgajdos\/prehravanie-videa-v-html\/","title":{"rendered":"Prehr\u00e1vanie videa v HTML"},"content":{"rendered":"<h3>\u00daloha:\u00a0Vytvorte HTML dokument s n\u00e1zvom\u00a0<em>video.html<\/em>, ktor\u00fd umo\u017en\u00ed prehr\u00e1vanie videosekvencie vo vami zvolenom form\u00e1te priamo na va\u0161ich webstr\u00e1nkach. Prehr\u00e1vanie videa mus\u00ed umo\u017e\u0148ova\u0165 op\u00e4tovn\u00e9 spustenie a ovl\u00e1danie hlasitosti.<\/h3>\n<h3>Podmienky:\u00a0Vytvoren\u00fd dokument umiestnite na svoj blog v\u00a0polo\u017eke HTML ako \u201eZadanie \u010d.4 Prehr\u00e1vanie videa v html\u201c s\u00a0pln\u00fdm znen\u00edm \u00falohy a\u00a0odkazom na s\u00fabor.<\/h3>\n<p><a href=\"https:\/\/gdm.sosthe.sk\/~mgajdos\/wp-content\/uploads\/2024\/10\/video_video.html\">odkaz<\/a><\/p>\n","protected":false},"excerpt":{"rendered":"<p>\u00daloha:\u00a0Vytvorte HTML dokument s n\u00e1zvom\u00a0video.html, ktor\u00fd umo\u017en\u00ed prehr\u00e1vanie videosekvencie vo vami zvolenom form\u00e1te priamo na va\u0161ich webstr\u00e1nkach. Prehr\u00e1vanie videa mus\u00ed umo\u017e\u0148ova\u0165 op\u00e4tovn\u00e9 spustenie a ovl\u00e1danie hlasitosti. Podmienky:\u00a0Vytvoren\u00fd dokument umiestnite na svoj blog v\u00a0polo\u017eke HTML ako \u201eZadanie \u010d.4 Prehr\u00e1vanie videa v html\u201c s\u00a0pln\u00fdm znen\u00edm \u00falohy a\u00a0odkazom na s\u00fabor. odkaz<\/p>\n","protected":false},"author":1,"featured_media":0,"parent":0,"menu_order":0,"comment_status":"closed","ping_status":"closed","template":"","meta":{"footnotes":""},"_links":{"self":[{"href":"https:\/\/gdm.sosthe.sk\/~mgajdos\/wp-json\/wp\/v2\/pages\/50"}],"collection":[{"href":"https:\/\/gdm.sosthe.sk\/~mgajdos\/wp-json\/wp\/v2\/pages"}],"about":[{"href":"https:\/\/gdm.sosthe.sk\/~mgajdos\/wp-json\/wp\/v2\/types\/page"}],"author":[{"embeddable":true,"href":"https:\/\/gdm.sosthe.sk\/~mgajdos\/wp-json\/wp\/v2\/users\/1"}],"replies":[{"embeddable":true,"href":"https:\/\/gdm.sosthe.sk\/~mgajdos\/wp-json\/wp\/v2\/comments?post=50"}],"version-history":[{"count":3,"href":"https:\/\/gdm.sosthe.sk\/~mgajdos\/wp-json\/wp\/v2\/pages\/50\/revisions"}],"predecessor-version":[{"id":58,"href":"https:\/\/gdm.sosthe.sk\/~mgajdos\/wp-json\/wp\/v2\/pages\/50\/revisions\/58"}],"wp:attachment":[{"href":"https:\/\/gdm.sosthe.sk\/~mgajdos\/wp-json\/wp\/v2\/media?parent=50"}],"curies":[{"name":"wp","href":"https:\/\/api.w.org\/{rel}","templated":true}]}}