{"id":61,"date":"2024-10-21T09:34:21","date_gmt":"2024-10-21T07:34:21","guid":{"rendered":"https:\/\/gdm.sosthe.sk\/~mgajdos\/?page_id=61"},"modified":"2024-10-28T09:39:37","modified_gmt":"2024-10-28T08:39:37","slug":"javascript-v-html-dokumente","status":"publish","type":"page","link":"https:\/\/gdm.sosthe.sk\/~mgajdos\/javascript-v-html-dokumente\/","title":{"rendered":"JavaScript v HTML dokumente"},"content":{"rendered":"<h3>\u00daloha:\u00a0Vytvorte HTML dokument, ktor\u00fd sa bude naz\u00fdva\u0165\u00a0<em>javascript.html<\/em>\u00a0a ktor\u00fd bude obsahova\u0165 kalend\u00e1r z hodinami zobrazovan\u00fd na pravej strane str\u00e1nky kde na \u013eavej strane sa bude nach\u00e1dza\u0165 text popisuj\u00faci hist\u00f3riu na\u0161ej \u0161koly.<\/h3>\n<p><a href=\"https:\/\/gdm.sosthe.sk\/~mgajdos\/wp-content\/uploads\/2024\/10\/javascript.html\">odkaz<\/a><\/p>\n","protected":false},"excerpt":{"rendered":"<p>\u00daloha:\u00a0Vytvorte HTML dokument, ktor\u00fd sa bude naz\u00fdva\u0165\u00a0javascript.html\u00a0a ktor\u00fd bude obsahova\u0165 kalend\u00e1r z hodinami zobrazovan\u00fd na pravej strane str\u00e1nky kde na \u013eavej strane sa bude nach\u00e1dza\u0165 text popisuj\u00faci hist\u00f3riu na\u0161ej \u0161koly. odkaz<\/p>\n","protected":false},"author":1,"featured_media":0,"parent":0,"menu_order":0,"comment_status":"closed","ping_status":"closed","template":"","meta":{"footnotes":""},"_links":{"self":[{"href":"https:\/\/gdm.sosthe.sk\/~mgajdos\/wp-json\/wp\/v2\/pages\/61"}],"collection":[{"href":"https:\/\/gdm.sosthe.sk\/~mgajdos\/wp-json\/wp\/v2\/pages"}],"about":[{"href":"https:\/\/gdm.sosthe.sk\/~mgajdos\/wp-json\/wp\/v2\/types\/page"}],"author":[{"embeddable":true,"href":"https:\/\/gdm.sosthe.sk\/~mgajdos\/wp-json\/wp\/v2\/users\/1"}],"replies":[{"embeddable":true,"href":"https:\/\/gdm.sosthe.sk\/~mgajdos\/wp-json\/wp\/v2\/comments?post=61"}],"version-history":[{"count":3,"href":"https:\/\/gdm.sosthe.sk\/~mgajdos\/wp-json\/wp\/v2\/pages\/61\/revisions"}],"predecessor-version":[{"id":68,"href":"https:\/\/gdm.sosthe.sk\/~mgajdos\/wp-json\/wp\/v2\/pages\/61\/revisions\/68"}],"wp:attachment":[{"href":"https:\/\/gdm.sosthe.sk\/~mgajdos\/wp-json\/wp\/v2\/media?parent=61"}],"curies":[{"name":"wp","href":"https:\/\/api.w.org\/{rel}","templated":true}]}}