{"id":81,"date":"2025-01-13T09:36:31","date_gmt":"2025-01-13T08:36:31","guid":{"rendered":"https:\/\/gdm.sosthe.sk\/~mgajdos\/?page_id=81"},"modified":"2025-01-13T09:36:54","modified_gmt":"2025-01-13T08:36:54","slug":"zadanie-c-9-vetvenie-a-cykly","status":"publish","type":"page","link":"https:\/\/gdm.sosthe.sk\/~mgajdos\/zadanie-c-9-vetvenie-a-cykly\/","title":{"rendered":"Vetvenie a cykly"},"content":{"rendered":"<h3>\u00daloha:\u00a0Vytvorte webov\u00fa str\u00e1nku s n\u00e1zvom cyklus.php po spusten\u00ed, ktorej sa zobraz\u00ed st\u013apec \u010d\u00edsel od 1 do 12; potom skript na tejto str\u00e1nke upravte tak, aby po spusten\u00ed zobrazil namiesto \u010d\u00edsel n\u00e1zvy mesiacov v slovenskej transkripci\u00ed.<\/h3>\n<p><a href=\"https:\/\/gdm.sosthe.sk\/~mgajdos\/zadania\/cyklus.php\">odkaz<\/a><\/p>\n","protected":false},"excerpt":{"rendered":"<p>\u00daloha:\u00a0Vytvorte webov\u00fa str\u00e1nku s n\u00e1zvom cyklus.php po spusten\u00ed, ktorej sa zobraz\u00ed st\u013apec \u010d\u00edsel od 1 do 12; potom skript na tejto str\u00e1nke upravte tak, aby po spusten\u00ed zobrazil namiesto \u010d\u00edsel n\u00e1zvy mesiacov v slovenskej transkripci\u00ed. odkaz<\/p>\n","protected":false},"author":1,"featured_media":0,"parent":0,"menu_order":0,"comment_status":"closed","ping_status":"closed","template":"","meta":{"footnotes":""},"_links":{"self":[{"href":"https:\/\/gdm.sosthe.sk\/~mgajdos\/wp-json\/wp\/v2\/pages\/81"}],"collection":[{"href":"https:\/\/gdm.sosthe.sk\/~mgajdos\/wp-json\/wp\/v2\/pages"}],"about":[{"href":"https:\/\/gdm.sosthe.sk\/~mgajdos\/wp-json\/wp\/v2\/types\/page"}],"author":[{"embeddable":true,"href":"https:\/\/gdm.sosthe.sk\/~mgajdos\/wp-json\/wp\/v2\/users\/1"}],"replies":[{"embeddable":true,"href":"https:\/\/gdm.sosthe.sk\/~mgajdos\/wp-json\/wp\/v2\/comments?post=81"}],"version-history":[{"count":2,"href":"https:\/\/gdm.sosthe.sk\/~mgajdos\/wp-json\/wp\/v2\/pages\/81\/revisions"}],"predecessor-version":[{"id":83,"href":"https:\/\/gdm.sosthe.sk\/~mgajdos\/wp-json\/wp\/v2\/pages\/81\/revisions\/83"}],"wp:attachment":[{"href":"https:\/\/gdm.sosthe.sk\/~mgajdos\/wp-json\/wp\/v2\/media?parent=81"}],"curies":[{"name":"wp","href":"https:\/\/api.w.org\/{rel}","templated":true}]}}