{"id":111,"date":"2024-01-22T09:55:25","date_gmt":"2024-01-22T08:55:25","guid":{"rendered":"https:\/\/gdm.sosthe.sk\/~srakarova\/?page_id=111"},"modified":"2024-02-12T09:44:10","modified_gmt":"2024-02-12T08:44:10","slug":"111-2","status":"publish","type":"page","link":"https:\/\/gdm.sosthe.sk\/~srakarova\/index.php\/111-2\/","title":{"rendered":"Zadanie \u010d.10 Funkcie s pln\u00fdm znen\u00edm \u00falohy a odkazom na s\u00fabor tabulka.php"},"content":{"rendered":"<h5>Cvi\u010denie \u010d.10 \u2013 Funkcie<\/h5>\n<div class=\"entry-content\">\n<h5>T\u00e9ma:\u00a0Funkcie a ich pou\u017e\u00edvanie<\/h5>\n<\/div>\n<h5>\u00daloha:\u00a0Vytvorte s\u00fabor s n\u00e1zvom funkcia.php, ktor\u00fd bude obsahova\u0165 skript, pomocou ktor\u00e9ho vytvor\u00edte tabu\u013eku s ur\u010dit\u00fdm po\u010dtom st\u013apcov a riadkov. Potom vytvorte s\u00fabor tabulka.php zo skriptom, ktor\u00fd na\u010d\u00edta obsah s\u00faboru funkcia.php. V\u00fdstupom m\u00e1 by\u0165 vykreslenie tabu\u013eky zo zadan\u00fdm po\u010dtom riadkov a st\u013apcov, po spusten\u00ed skriptu tabulka.php.<\/h5>\n<h6>Podmienky:\u00a0Vytvoren\u00fd dokument umiestnite na svoj blog v polo\u017eke PHP ako \u201eZadanie \u010d.10 Funkcie\u201c s pln\u00fdm znen\u00edm \u00falohy a odkazom na s\u00fabor tabulka.php<\/h6>\n<p><a href=\"https:\/\/gdm.sosthe.sk\/~srakarova\/funkcia.php\/tabula.php\">odkaz.<\/a><\/p>\n","protected":false},"excerpt":{"rendered":"<p>Cvi\u010denie \u010d.10 \u2013 Funkcie T\u00e9ma:\u00a0Funkcie a ich pou\u017e\u00edvanie \u00daloha:\u00a0Vytvorte s\u00fabor s n\u00e1zvom funkcia.php, ktor\u00fd bude obsahova\u0165 skript, pomocou ktor\u00e9ho vytvor\u00edte tabu\u013eku s ur\u010dit\u00fdm po\u010dtom st\u013apcov a riadkov. Potom vytvorte s\u00fabor tabulka.php zo skriptom, ktor\u00fd na\u010d\u00edta obsah s\u00faboru funkcia.php. V\u00fdstupom m\u00e1 by\u0165 vykreslenie tabu\u013eky zo zadan\u00fdm po\u010dtom riadkov a st\u013apcov, po spusten\u00ed skriptu tabulka.php. Podmienky:\u00a0Vytvoren\u00fd dokument [&hellip;]<\/p>\n","protected":false},"author":1,"featured_media":0,"parent":0,"menu_order":0,"comment_status":"closed","ping_status":"closed","template":"","meta":{"footnotes":""},"_links":{"self":[{"href":"https:\/\/gdm.sosthe.sk\/~srakarova\/index.php\/wp-json\/wp\/v2\/pages\/111"}],"collection":[{"href":"https:\/\/gdm.sosthe.sk\/~srakarova\/index.php\/wp-json\/wp\/v2\/pages"}],"about":[{"href":"https:\/\/gdm.sosthe.sk\/~srakarova\/index.php\/wp-json\/wp\/v2\/types\/page"}],"author":[{"embeddable":true,"href":"https:\/\/gdm.sosthe.sk\/~srakarova\/index.php\/wp-json\/wp\/v2\/users\/1"}],"replies":[{"embeddable":true,"href":"https:\/\/gdm.sosthe.sk\/~srakarova\/index.php\/wp-json\/wp\/v2\/comments?post=111"}],"version-history":[{"count":3,"href":"https:\/\/gdm.sosthe.sk\/~srakarova\/index.php\/wp-json\/wp\/v2\/pages\/111\/revisions"}],"predecessor-version":[{"id":115,"href":"https:\/\/gdm.sosthe.sk\/~srakarova\/index.php\/wp-json\/wp\/v2\/pages\/111\/revisions\/115"}],"wp:attachment":[{"href":"https:\/\/gdm.sosthe.sk\/~srakarova\/index.php\/wp-json\/wp\/v2\/media?parent=111"}],"curies":[{"name":"wp","href":"https:\/\/api.w.org\/{rel}","templated":true}]}}