{"id":12,"date":"2023-09-18T10:56:02","date_gmt":"2023-09-18T08:56:02","guid":{"rendered":"https:\/\/gdm.sosthe.sk\/~srakarova\/?page_id=12"},"modified":"2023-10-09T09:32:06","modified_gmt":"2023-10-09T07:32:06","slug":"o-mne","status":"publish","type":"page","link":"https:\/\/gdm.sosthe.sk\/~srakarova\/","title":{"rendered":"O mne"},"content":{"rendered":"<p><img decoding=\"async\" loading=\"lazy\" class=\"size-full wp-image-31 alignleft\" src=\"https:\/\/gdm.sosthe.sk\/~srakarova\/wp-content\/uploads\/2023\/09\/shutterstock_477604639-300x200-1.jpg\" alt=\"\" width=\"300\" height=\"200\" \/>Ahoj. Vol\u00e1m sa Helena \u0160olav\u00e1. M\u00e1m 36 rokov. Chcela by som podnika\u0165 s k\u00fapou hrozna a v\u00fdrobou v\u00edna . M\u00e1m s t\u00fdm trochu sk\u00fasenos\u0165, preto\u017ee som s t\u00fdm v\u017edy\u00a0 od mali\u010dka pom\u00e1hala str\u00fdkovi.<\/p>\n","protected":false},"excerpt":{"rendered":"<p>Ahoj. Vol\u00e1m sa Helena \u0160olav\u00e1. M\u00e1m 36 rokov. Chcela by som podnika\u0165 s k\u00fapou hrozna a v\u00fdrobou v\u00edna . M\u00e1m s t\u00fdm trochu sk\u00fasenos\u0165, preto\u017ee som s t\u00fdm v\u017edy\u00a0 od mali\u010dka pom\u00e1hala str\u00fdkovi.<\/p>\n","protected":false},"author":1,"featured_media":0,"parent":0,"menu_order":0,"comment_status":"closed","ping_status":"closed","template":"","meta":{"footnotes":""},"_links":{"self":[{"href":"https:\/\/gdm.sosthe.sk\/~srakarova\/index.php\/wp-json\/wp\/v2\/pages\/12"}],"collection":[{"href":"https:\/\/gdm.sosthe.sk\/~srakarova\/index.php\/wp-json\/wp\/v2\/pages"}],"about":[{"href":"https:\/\/gdm.sosthe.sk\/~srakarova\/index.php\/wp-json\/wp\/v2\/types\/page"}],"author":[{"embeddable":true,"href":"https:\/\/gdm.sosthe.sk\/~srakarova\/index.php\/wp-json\/wp\/v2\/users\/1"}],"replies":[{"embeddable":true,"href":"https:\/\/gdm.sosthe.sk\/~srakarova\/index.php\/wp-json\/wp\/v2\/comments?post=12"}],"version-history":[{"count":6,"href":"https:\/\/gdm.sosthe.sk\/~srakarova\/index.php\/wp-json\/wp\/v2\/pages\/12\/revisions"}],"predecessor-version":[{"id":44,"href":"https:\/\/gdm.sosthe.sk\/~srakarova\/index.php\/wp-json\/wp\/v2\/pages\/12\/revisions\/44"}],"wp:attachment":[{"href":"https:\/\/gdm.sosthe.sk\/~srakarova\/index.php\/wp-json\/wp\/v2\/media?parent=12"}],"curies":[{"name":"wp","href":"https:\/\/api.w.org\/{rel}","templated":true}]}}