{"id":122,"date":"2024-02-12T10:12:34","date_gmt":"2024-02-12T09:12:34","guid":{"rendered":"https:\/\/gdm.sosthe.sk\/~srakarova\/?page_id=122"},"modified":"2024-02-19T10:09:57","modified_gmt":"2024-02-19T09:09:57","slug":"zadanie-c-12-tvorba-formulara","status":"publish","type":"page","link":"https:\/\/gdm.sosthe.sk\/~srakarova\/index.php\/zadanie-c-12-tvorba-formulara\/","title":{"rendered":"Zadanie \u010d.12 Tvorba formul\u00e1ra"},"content":{"rendered":"<h6>Cvi\u010denie \u010d.12 \u2013 Tvorba formul\u00e1ra<\/h6>\n<div class=\"entry-content\">\n<h6>T\u00e9ma:\u00a0Tvorba formul\u00e1ra<\/h6>\n<h6>\u00daloha:\u00a0Vytvorte registra\u010dn\u00fd formul\u00e1r ako HTML dokument s n\u00e1zvom\u00a0<em>formular.html<\/em>, ktor\u00fd bude obsahova\u0165 polo\u017eky pod\u013ea zadania a po odoslan\u00ed ktor\u00e9ho sa zobraz\u00ed PHP script\u00a0<em>udaje.php<\/em>\u00a0kde sa zobrazia v\u0161etky polo\u017eky formul\u00e1ra.<\/h6>\n<h6>Zadanie \u00falohy:\u00a0Registra\u010dn\u00fd formul\u00e1r m\u00e1 obsahova\u0165 nasleduj\u00face polo\u017eky:<\/h6>\n<h6>\u2013\u00a0\u00a0\u00a0\u00a0\u00a0\u00a0\u00a0 Osobn\u00e9 \u00fadaje: Meno, priezvisko, d\u00e1tum narodenia, miesto narodenia<\/h6>\n<h6>\u2013\u00a0\u00a0\u00a0\u00a0\u00a0\u00a0\u00a0 Bydlisko: ulica, \u010d\u00edslo popisn\u00e9, mesto, PS\u010c<\/h6>\n<h6>\u2013\u00a0\u00a0\u00a0\u00a0\u00a0\u00a0\u00a0 \u010eal\u0161ie \u00fadaje: \u0161t\u00e1tna pr\u00edslu\u0161nos\u0165, pohlavie, vek, \u0161kola<\/h6>\n<h6>\u2013\u00a0\u00a0\u00a0\u00a0\u00a0\u00a0\u00a0 V\u00a0ktor\u00e9 dni m\u00e1me predmet EPU: p\u00e1rny a\u00a0nep\u00e1rny t\u00fd\u017ede\u0148<\/h6>\n<h6>\u2013\u00a0\u00a0\u00a0\u00a0\u00a0\u00a0\u00a0 S\u00fahlas so spracovan\u00edm \u00fadajov<\/h6>\n<h6>\u2013\u00a0\u00a0\u00a0\u00a0\u00a0\u00a0\u00a0 Odosielacie tla\u010d\u00edtko<\/h6>\n<h6>Podmienky:\u00a0Vytvoren\u00fd dokument umiestnite na svoj blog v\u00a0polo\u017eke PHP ako \u201eZadanie \u010d.12 Tvorba formul\u00e1ra\u201c s\u00a0pln\u00fdm znen\u00edm \u00falohy a\u00a0odkazom na s\u00fabor\u00a0<em>formular.php<\/em><\/h6>\n<p><a href=\"https:\/\/gdm.sosthe.sk\/~srakarova\/3.a\/php\/formular.html\">odkaz<\/a>.<\/p>\n<\/div>\n","protected":false},"excerpt":{"rendered":"<p>Cvi\u010denie \u010d.12 \u2013 Tvorba formul\u00e1ra T\u00e9ma:\u00a0Tvorba formul\u00e1ra \u00daloha:\u00a0Vytvorte registra\u010dn\u00fd formul\u00e1r ako HTML dokument s n\u00e1zvom\u00a0formular.html, ktor\u00fd bude obsahova\u0165 polo\u017eky pod\u013ea zadania a po odoslan\u00ed ktor\u00e9ho sa zobraz\u00ed PHP script\u00a0udaje.php\u00a0kde sa zobrazia v\u0161etky polo\u017eky formul\u00e1ra. Zadanie \u00falohy:\u00a0Registra\u010dn\u00fd formul\u00e1r m\u00e1 obsahova\u0165 nasleduj\u00face polo\u017eky: \u2013\u00a0\u00a0\u00a0\u00a0\u00a0\u00a0\u00a0 Osobn\u00e9 \u00fadaje: Meno, priezvisko, d\u00e1tum narodenia, miesto narodenia \u2013\u00a0\u00a0\u00a0\u00a0\u00a0\u00a0\u00a0 Bydlisko: ulica, \u010d\u00edslo popisn\u00e9, [&hellip;]<\/p>\n","protected":false},"author":1,"featured_media":0,"parent":0,"menu_order":0,"comment_status":"closed","ping_status":"closed","template":"","meta":{"footnotes":""},"_links":{"self":[{"href":"https:\/\/gdm.sosthe.sk\/~srakarova\/index.php\/wp-json\/wp\/v2\/pages\/122"}],"collection":[{"href":"https:\/\/gdm.sosthe.sk\/~srakarova\/index.php\/wp-json\/wp\/v2\/pages"}],"about":[{"href":"https:\/\/gdm.sosthe.sk\/~srakarova\/index.php\/wp-json\/wp\/v2\/types\/page"}],"author":[{"embeddable":true,"href":"https:\/\/gdm.sosthe.sk\/~srakarova\/index.php\/wp-json\/wp\/v2\/users\/1"}],"replies":[{"embeddable":true,"href":"https:\/\/gdm.sosthe.sk\/~srakarova\/index.php\/wp-json\/wp\/v2\/comments?post=122"}],"version-history":[{"count":3,"href":"https:\/\/gdm.sosthe.sk\/~srakarova\/index.php\/wp-json\/wp\/v2\/pages\/122\/revisions"}],"predecessor-version":[{"id":126,"href":"https:\/\/gdm.sosthe.sk\/~srakarova\/index.php\/wp-json\/wp\/v2\/pages\/122\/revisions\/126"}],"wp:attachment":[{"href":"https:\/\/gdm.sosthe.sk\/~srakarova\/index.php\/wp-json\/wp\/v2\/media?parent=122"}],"curies":[{"name":"wp","href":"https:\/\/api.w.org\/{rel}","templated":true}]}}