{"id":129,"date":"2024-03-11T10:45:39","date_gmt":"2024-03-11T09:45:39","guid":{"rendered":"https:\/\/gdm.sosthe.sk\/~srakarova\/?page_id=129"},"modified":"2024-03-25T10:56:49","modified_gmt":"2024-03-25T09:56:49","slug":"zadanie-c-13-odosielanie-e-mailu","status":"publish","type":"page","link":"https:\/\/gdm.sosthe.sk\/~srakarova\/index.php\/zadanie-c-13-odosielanie-e-mailu\/","title":{"rendered":"Zadanie \u010d.13 Odosielanie e-mailu"},"content":{"rendered":"<h5>Cvi\u010denie \u010d.13 \u2013 Odosielanie e-mailu pomocou php<\/h5>\n<div class=\"entry-content\">\n<h5>T\u00e9ma:\u00a0Odosielanie e-mailu pomocou php<\/h5>\n<h5>\u00daloha:\u00a0Vytvorte formul\u00e1r s n\u00e1zvom email.php pomocou ktor\u00e9ho budeme m\u00f4c\u0165 odosla\u0165 textov\u00fa spr\u00e1vu na \u013eubovo\u013en\u00fa emailov\u00fa adresu. Skript na odosielanie emailu sa bude naz\u00fdva\u0165 sprava.php.<\/h5>\n<h5>Podmienky:\u00a0Vytvoren\u00fd dokument umiestnite na svoj blog v\u00a0polo\u017eke PHP ako \u201eZadanie \u010d.13 Odosielanie e-mailu\u201c s\u00a0pln\u00fdm znen\u00edm \u00falohy a\u00a0odkazom na s\u00fabor\u00a0<em>email.html<\/em><\/h5>\n<\/div>\n<p><a href=\"https:\/\/gdm.sosthe.sk\/~srakarova\/3.a\/priecinok\/email.html\">odkaz.<\/a><\/p>\n<p><a href=\"https:\/\/gdm.sosthe.sk\/~srakarova\/3.a\/formular\/mail.html\">odkaz.<\/a><\/p>\n","protected":false},"excerpt":{"rendered":"<p>Cvi\u010denie \u010d.13 \u2013 Odosielanie e-mailu pomocou php T\u00e9ma:\u00a0Odosielanie e-mailu pomocou php \u00daloha:\u00a0Vytvorte formul\u00e1r s n\u00e1zvom email.php pomocou ktor\u00e9ho budeme m\u00f4c\u0165 odosla\u0165 textov\u00fa spr\u00e1vu na \u013eubovo\u013en\u00fa emailov\u00fa adresu. Skript na odosielanie emailu sa bude naz\u00fdva\u0165 sprava.php. Podmienky:\u00a0Vytvoren\u00fd dokument umiestnite na svoj blog v\u00a0polo\u017eke PHP ako \u201eZadanie \u010d.13 Odosielanie e-mailu\u201c s\u00a0pln\u00fdm znen\u00edm \u00falohy a\u00a0odkazom na s\u00fabor\u00a0email.html odkaz. [&hellip;]<\/p>\n","protected":false},"author":1,"featured_media":0,"parent":0,"menu_order":0,"comment_status":"closed","ping_status":"closed","template":"","meta":{"footnotes":""},"_links":{"self":[{"href":"https:\/\/gdm.sosthe.sk\/~srakarova\/index.php\/wp-json\/wp\/v2\/pages\/129"}],"collection":[{"href":"https:\/\/gdm.sosthe.sk\/~srakarova\/index.php\/wp-json\/wp\/v2\/pages"}],"about":[{"href":"https:\/\/gdm.sosthe.sk\/~srakarova\/index.php\/wp-json\/wp\/v2\/types\/page"}],"author":[{"embeddable":true,"href":"https:\/\/gdm.sosthe.sk\/~srakarova\/index.php\/wp-json\/wp\/v2\/users\/1"}],"replies":[{"embeddable":true,"href":"https:\/\/gdm.sosthe.sk\/~srakarova\/index.php\/wp-json\/wp\/v2\/comments?post=129"}],"version-history":[{"count":2,"href":"https:\/\/gdm.sosthe.sk\/~srakarova\/index.php\/wp-json\/wp\/v2\/pages\/129\/revisions"}],"predecessor-version":[{"id":132,"href":"https:\/\/gdm.sosthe.sk\/~srakarova\/index.php\/wp-json\/wp\/v2\/pages\/129\/revisions\/132"}],"wp:attachment":[{"href":"https:\/\/gdm.sosthe.sk\/~srakarova\/index.php\/wp-json\/wp\/v2\/media?parent=129"}],"curies":[{"name":"wp","href":"https:\/\/api.w.org\/{rel}","templated":true}]}}