{"id":134,"date":"2024-03-25T10:19:41","date_gmt":"2024-03-25T09:19:41","guid":{"rendered":"https:\/\/gdm.sosthe.sk\/~srakarova\/?page_id=134"},"modified":"2024-04-29T10:52:12","modified_gmt":"2024-04-29T08:52:12","slug":"zadanie-c-15-diskusia","status":"publish","type":"page","link":"https:\/\/gdm.sosthe.sk\/~srakarova\/index.php\/zadanie-c-15-diskusia\/","title":{"rendered":"Zadanie \u010d.15 Diskusia"},"content":{"rendered":"<h6><strong>Cvi\u010denie \u010d.15 \u2013 Vytvorenie jednoduchej diskusie<\/strong><\/h6>\n<div class=\"entry-content\">\n<h6><strong>T\u00e9ma:\u00a0Vytvorenie jednoduchej diskusie<\/strong><\/h6>\n<p><strong>\u00daloha:\u00a0Vytvorte webov\u00fa str\u00e1nku, ktor\u00e1 bude pracova\u0165 ako n\u00e1stenka alebo jednoduch\u00fd chat bez pou\u017eitia datab\u00e1zy. S\u00fabor pre formul\u00e1r pre zad\u00e1vanie koment\u00e1rov sa bude naz\u00fdva\u0165 diskusia.txt a s\u00fabor do ktor\u00e9ho bud\u00fa prid\u00e1van\u00e9 koment\u00e1re board.php<\/strong><\/p>\n<p><strong>Podmienky:\u00a0Vytvoren\u00fd dokument umiestnite na svoj blog v\u00a0polo\u017eke PHP \u201eZadanie \u010d.15 Diskusia\u201c<\/strong><\/p>\n<\/div>\n<p><a href=\"https:\/\/gdm.sosthe.sk\/~srakarova\/formular\/diskusia.html\">odkaz.<\/a><\/p>\n","protected":false},"excerpt":{"rendered":"<p>Cvi\u010denie \u010d.15 \u2013 Vytvorenie jednoduchej diskusie T\u00e9ma:\u00a0Vytvorenie jednoduchej diskusie \u00daloha:\u00a0Vytvorte webov\u00fa str\u00e1nku, ktor\u00e1 bude pracova\u0165 ako n\u00e1stenka alebo jednoduch\u00fd chat bez pou\u017eitia datab\u00e1zy. S\u00fabor pre formul\u00e1r pre zad\u00e1vanie koment\u00e1rov sa bude naz\u00fdva\u0165 diskusia.txt a s\u00fabor do ktor\u00e9ho bud\u00fa prid\u00e1van\u00e9 koment\u00e1re board.php Podmienky:\u00a0Vytvoren\u00fd dokument umiestnite na svoj blog v\u00a0polo\u017eke PHP \u201eZadanie \u010d.15 Diskusia\u201c odkaz.<\/p>\n","protected":false},"author":1,"featured_media":0,"parent":0,"menu_order":0,"comment_status":"closed","ping_status":"closed","template":"","meta":{"footnotes":""},"_links":{"self":[{"href":"https:\/\/gdm.sosthe.sk\/~srakarova\/index.php\/wp-json\/wp\/v2\/pages\/134"}],"collection":[{"href":"https:\/\/gdm.sosthe.sk\/~srakarova\/index.php\/wp-json\/wp\/v2\/pages"}],"about":[{"href":"https:\/\/gdm.sosthe.sk\/~srakarova\/index.php\/wp-json\/wp\/v2\/types\/page"}],"author":[{"embeddable":true,"href":"https:\/\/gdm.sosthe.sk\/~srakarova\/index.php\/wp-json\/wp\/v2\/users\/1"}],"replies":[{"embeddable":true,"href":"https:\/\/gdm.sosthe.sk\/~srakarova\/index.php\/wp-json\/wp\/v2\/comments?post=134"}],"version-history":[{"count":4,"href":"https:\/\/gdm.sosthe.sk\/~srakarova\/index.php\/wp-json\/wp\/v2\/pages\/134\/revisions"}],"predecessor-version":[{"id":143,"href":"https:\/\/gdm.sosthe.sk\/~srakarova\/index.php\/wp-json\/wp\/v2\/pages\/134\/revisions\/143"}],"wp:attachment":[{"href":"https:\/\/gdm.sosthe.sk\/~srakarova\/index.php\/wp-json\/wp\/v2\/media?parent=134"}],"curies":[{"name":"wp","href":"https:\/\/api.w.org\/{rel}","templated":true}]}}