{"id":145,"date":"2024-04-29T10:08:39","date_gmt":"2024-04-29T08:08:39","guid":{"rendered":"https:\/\/gdm.sosthe.sk\/~srakarova\/?page_id=145"},"modified":"2024-05-13T10:41:04","modified_gmt":"2024-05-13T08:41:04","slug":"zadanie-c-16-praca-s-mysql-databazami-i","status":"publish","type":"page","link":"https:\/\/gdm.sosthe.sk\/~srakarova\/index.php\/zadanie-c-16-praca-s-mysql-databazami-i\/","title":{"rendered":"Zadanie \u010d.16 Pr\u00e1ca s MySQL datab\u00e1zami I."},"content":{"rendered":"<p>Cvi\u010denie \u010d.16 \u2013 Pr\u00e1ca s MySQL datab\u00e1zami I.<\/p>\n<div class=\"entry-content\">\n<p>T\u00e9ma: Pr\u00e1ca s MySQL datab\u00e1zami I.<\/p>\n<p>\u00daloha: Vysk\u00fa\u0161ajte skripty pomocou ktor\u00fdch pripoj\u00edte datab\u00e1zov\u00fd server, vytvor\u00edte nov\u00fa datab\u00e1zu a pripoj\u00edte nov\u00fa datab\u00e1zu. Skripty bud\u00fa ulo\u017een\u00e9 v s\u00faboroch s n\u00e1zvom: pripoj_server.php, vytvor_db.php a pripoj_db.php.<\/p>\n<p>Podmienky: Vytvoren\u00e9 s\u00fabory so skriptami umiestnite na svoj blog v polo\u017eke PHP \u201eZadanie \u010d.16 Pr\u00e1ca s MySQL datab\u00e1zami I.\u201c<\/p>\n<p>Cvi\u010denie \u010d.16 \u2013 Pr\u00e1ca s MySQL datab\u00e1zami I.<\/p>\n<p>T\u00e9ma: Pr\u00e1ca s MySQL datab\u00e1zami I.<\/p>\n<p>\u00daloha: Vysk\u00fa\u0161ajte skripty pomocou ktor\u00fdch pripoj\u00edte datab\u00e1zov\u00fd server, vytvor\u00edte nov\u00fa datab\u00e1zu a pripoj\u00edte nov\u00fa datab\u00e1zu. Skripty bud\u00fa ulo\u017een\u00e9 v s\u00faboroch s n\u00e1zvom: pripoj_server.php, vytvor_db.php a pripoj_db.php.<\/p>\n<p>Podmienky: Vytvoren\u00e9 s\u00fabory so skriptami umiestnite na svoj blog v polo\u017eke PHP \u201eZadanie \u010d.16 Pr\u00e1ca s MySQL datab\u00e1zami I.\u201c<\/p>\n<p><a href=\"https:\/\/gdm.sosthe.sk\/~srakarova\/priecinok\/pripoj_server.php\">odkaz.<\/a><\/p>\n<p><a href=\"https:\/\/gdm.sosthe.sk\/~srakarova\/priecinok\/vytvor_db.php\">odkaz.<\/a><\/p>\n<p><a href=\"https:\/\/gdm.sosthe.sk\/~srakarova\/priecinok\/pripoj_db.php\">odkaz.<\/a><\/p>\n<\/div>\n","protected":false},"excerpt":{"rendered":"<p>Cvi\u010denie \u010d.16 \u2013 Pr\u00e1ca s MySQL datab\u00e1zami I. T\u00e9ma: Pr\u00e1ca s MySQL datab\u00e1zami I. \u00daloha: Vysk\u00fa\u0161ajte skripty pomocou ktor\u00fdch pripoj\u00edte datab\u00e1zov\u00fd server, vytvor\u00edte nov\u00fa datab\u00e1zu a pripoj\u00edte nov\u00fa datab\u00e1zu. Skripty bud\u00fa ulo\u017een\u00e9 v s\u00faboroch s n\u00e1zvom: pripoj_server.php, vytvor_db.php a pripoj_db.php. Podmienky: Vytvoren\u00e9 s\u00fabory so skriptami umiestnite na svoj blog v polo\u017eke PHP \u201eZadanie \u010d.16 Pr\u00e1ca [&hellip;]<\/p>\n","protected":false},"author":1,"featured_media":0,"parent":0,"menu_order":0,"comment_status":"closed","ping_status":"closed","template":"","meta":{"footnotes":""},"_links":{"self":[{"href":"https:\/\/gdm.sosthe.sk\/~srakarova\/index.php\/wp-json\/wp\/v2\/pages\/145"}],"collection":[{"href":"https:\/\/gdm.sosthe.sk\/~srakarova\/index.php\/wp-json\/wp\/v2\/pages"}],"about":[{"href":"https:\/\/gdm.sosthe.sk\/~srakarova\/index.php\/wp-json\/wp\/v2\/types\/page"}],"author":[{"embeddable":true,"href":"https:\/\/gdm.sosthe.sk\/~srakarova\/index.php\/wp-json\/wp\/v2\/users\/1"}],"replies":[{"embeddable":true,"href":"https:\/\/gdm.sosthe.sk\/~srakarova\/index.php\/wp-json\/wp\/v2\/comments?post=145"}],"version-history":[{"count":6,"href":"https:\/\/gdm.sosthe.sk\/~srakarova\/index.php\/wp-json\/wp\/v2\/pages\/145\/revisions"}],"predecessor-version":[{"id":162,"href":"https:\/\/gdm.sosthe.sk\/~srakarova\/index.php\/wp-json\/wp\/v2\/pages\/145\/revisions\/162"}],"wp:attachment":[{"href":"https:\/\/gdm.sosthe.sk\/~srakarova\/index.php\/wp-json\/wp\/v2\/media?parent=145"}],"curies":[{"name":"wp","href":"https:\/\/api.w.org\/{rel}","templated":true}]}}