{"id":151,"date":"2024-04-29T10:49:34","date_gmt":"2024-04-29T08:49:34","guid":{"rendered":"https:\/\/gdm.sosthe.sk\/~srakarova\/?page_id=151"},"modified":"2024-04-29T11:06:53","modified_gmt":"2024-04-29T09:06:53","slug":"zadanie-c-16-praca-s-mysql-databazami-ii","status":"publish","type":"page","link":"https:\/\/gdm.sosthe.sk\/~srakarova\/index.php\/zadanie-c-16-praca-s-mysql-databazami-ii\/","title":{"rendered":"Zadanie \u010d.16 Pr\u00e1ca s MySQL datab\u00e1zami II."},"content":{"rendered":"<h6>Cvi\u010denie \u010d.17 \u2013 Pr\u00e1ca s datab\u00e1zami MySQL II.<\/h6>\n<div class=\"entry-content\">\n<h6>T\u00e9ma: Pr\u00e1ca s MySQL datab\u00e1zami II.<\/h6>\n<h6>\u00daloha: Vysk\u00fa\u0161ajte skripty pomocou ktor\u00fdch vytvor\u00edte nov\u00fa tabu\u013eku vo vytvorenej datab\u00e1ze, prid\u00e1te z\u00e1znamy a skontrolujete tabu\u013eky v datab\u00e1ze. Skripty bud\u00fa ulo\u017een\u00e9 v s\u00faboroch s n\u00e1zvom: vytvor_table.php, pridaj_zaznam.php, viac_zaznamov.php a vypis_zaznamov.php.<\/h6>\n<h6>Podmienky: Vytvoren\u00e9 s\u00fabory so skriptami umiestnite na svoj blog v polo\u017eke PHP \u201eZadanie \u010d.16 Pr\u00e1ca s MySQL datab\u00e1zami II.\u201c<\/h6>\n<p><a href=\"https:\/\/gdm.sosthe.sk\/~srakarova\/skolahrou\/vytvor_table.php\">odkaz.<\/a><\/p>\n<p><a href=\"https:\/\/gdm.sosthe.sk\/~srakarova\/skolahrou\/pridaj_zaznam.php\">odkaz.<\/a><\/p>\n<p><a href=\"https:\/\/gdm.sosthe.sk\/~srakarova\/skolahrou\/viac_zaznamov.php\">odkaz.<\/a><\/p>\n<p><a href=\"https:\/\/gdm.sosthe.sk\/~srakarova\/skolahrou\/vypis_zaznamov.php\">odkaz.<\/a><\/p>\n<\/div>\n","protected":false},"excerpt":{"rendered":"<p>Cvi\u010denie \u010d.17 \u2013 Pr\u00e1ca s datab\u00e1zami MySQL II. T\u00e9ma: Pr\u00e1ca s MySQL datab\u00e1zami II. \u00daloha: Vysk\u00fa\u0161ajte skripty pomocou ktor\u00fdch vytvor\u00edte nov\u00fa tabu\u013eku vo vytvorenej datab\u00e1ze, prid\u00e1te z\u00e1znamy a skontrolujete tabu\u013eky v datab\u00e1ze. Skripty bud\u00fa ulo\u017een\u00e9 v s\u00faboroch s n\u00e1zvom: vytvor_table.php, pridaj_zaznam.php, viac_zaznamov.php a vypis_zaznamov.php. Podmienky: Vytvoren\u00e9 s\u00fabory so skriptami umiestnite na svoj blog v polo\u017eke [&hellip;]<\/p>\n","protected":false},"author":1,"featured_media":0,"parent":0,"menu_order":0,"comment_status":"closed","ping_status":"closed","template":"","meta":{"footnotes":""},"_links":{"self":[{"href":"https:\/\/gdm.sosthe.sk\/~srakarova\/index.php\/wp-json\/wp\/v2\/pages\/151"}],"collection":[{"href":"https:\/\/gdm.sosthe.sk\/~srakarova\/index.php\/wp-json\/wp\/v2\/pages"}],"about":[{"href":"https:\/\/gdm.sosthe.sk\/~srakarova\/index.php\/wp-json\/wp\/v2\/types\/page"}],"author":[{"embeddable":true,"href":"https:\/\/gdm.sosthe.sk\/~srakarova\/index.php\/wp-json\/wp\/v2\/users\/1"}],"replies":[{"embeddable":true,"href":"https:\/\/gdm.sosthe.sk\/~srakarova\/index.php\/wp-json\/wp\/v2\/comments?post=151"}],"version-history":[{"count":2,"href":"https:\/\/gdm.sosthe.sk\/~srakarova\/index.php\/wp-json\/wp\/v2\/pages\/151\/revisions"}],"predecessor-version":[{"id":154,"href":"https:\/\/gdm.sosthe.sk\/~srakarova\/index.php\/wp-json\/wp\/v2\/pages\/151\/revisions\/154"}],"wp:attachment":[{"href":"https:\/\/gdm.sosthe.sk\/~srakarova\/index.php\/wp-json\/wp\/v2\/media?parent=151"}],"curies":[{"name":"wp","href":"https:\/\/api.w.org\/{rel}","templated":true}]}}