{"id":46,"date":"2023-10-09T10:23:25","date_gmt":"2023-10-09T08:23:25","guid":{"rendered":"https:\/\/gdm.sosthe.sk\/~srakarova\/?page_id=46"},"modified":"2023-10-09T10:24:38","modified_gmt":"2023-10-09T08:24:38","slug":"46-2","status":"publish","type":"page","link":"https:\/\/gdm.sosthe.sk\/~srakarova\/index.php\/46-2\/","title":{"rendered":"Zvuk"},"content":{"rendered":"<h5>Cvi\u010denie \u010d.3 \u2013 Prehr\u00e1vanie zvuku v html<\/h5>\n<div class=\"entry-content\">\n<h5>T\u00e9ma:\u00a0Prehr\u00e1vanie zvuku v\u00a0HTML<\/h5>\n<h5>\u00daloha:\u00a0Vytvorte HTML dokument s n\u00e1zvom\u00a0<em>audio.html<\/em>\u00a0v ktorom sa bud\u00fa prehr\u00e1va\u0165 vami vybran\u00e9 zvukov\u00e9 s\u00fabory s pou\u017eit\u00edm najvhodnej\u0161ej met\u00f3dy tak, aby str\u00e1nka s medi\u00e1lnym s\u00faborom bola prehrate\u013en\u00e1 v prehliada\u010doch IE, Firefox a Chrome.<\/h5>\n<h5>Podmienky:\u00a0Vytvoren\u00fd dokument umiestnite na svoj blog v\u00a0polo\u017eke HTML ako \u201eZadanie \u010d.3 Prehr\u00e1vanie zvuku v html\u201c s\u00a0pln\u00fdm znen\u00edm \u00falohy a\u00a0odkazom na s\u00fabor.<\/h5>\n<p><a href=\"https:\/\/gdm.sosthe.sk\/~srakarova\/epu\/audio.html\">odkaz.<\/a><\/p>\n<\/div>\n","protected":false},"excerpt":{"rendered":"<p>Cvi\u010denie \u010d.3 \u2013 Prehr\u00e1vanie zvuku v html T\u00e9ma:\u00a0Prehr\u00e1vanie zvuku v\u00a0HTML \u00daloha:\u00a0Vytvorte HTML dokument s n\u00e1zvom\u00a0audio.html\u00a0v ktorom sa bud\u00fa prehr\u00e1va\u0165 vami vybran\u00e9 zvukov\u00e9 s\u00fabory s pou\u017eit\u00edm najvhodnej\u0161ej met\u00f3dy tak, aby str\u00e1nka s medi\u00e1lnym s\u00faborom bola prehrate\u013en\u00e1 v prehliada\u010doch IE, Firefox a Chrome. Podmienky:\u00a0Vytvoren\u00fd dokument umiestnite na svoj blog v\u00a0polo\u017eke HTML ako \u201eZadanie \u010d.3 Prehr\u00e1vanie zvuku v [&hellip;]<\/p>\n","protected":false},"author":1,"featured_media":0,"parent":0,"menu_order":0,"comment_status":"closed","ping_status":"closed","template":"","meta":{"footnotes":""},"_links":{"self":[{"href":"https:\/\/gdm.sosthe.sk\/~srakarova\/index.php\/wp-json\/wp\/v2\/pages\/46"}],"collection":[{"href":"https:\/\/gdm.sosthe.sk\/~srakarova\/index.php\/wp-json\/wp\/v2\/pages"}],"about":[{"href":"https:\/\/gdm.sosthe.sk\/~srakarova\/index.php\/wp-json\/wp\/v2\/types\/page"}],"author":[{"embeddable":true,"href":"https:\/\/gdm.sosthe.sk\/~srakarova\/index.php\/wp-json\/wp\/v2\/users\/1"}],"replies":[{"embeddable":true,"href":"https:\/\/gdm.sosthe.sk\/~srakarova\/index.php\/wp-json\/wp\/v2\/comments?post=46"}],"version-history":[{"count":3,"href":"https:\/\/gdm.sosthe.sk\/~srakarova\/index.php\/wp-json\/wp\/v2\/pages\/46\/revisions"}],"predecessor-version":[{"id":49,"href":"https:\/\/gdm.sosthe.sk\/~srakarova\/index.php\/wp-json\/wp\/v2\/pages\/46\/revisions\/49"}],"wp:attachment":[{"href":"https:\/\/gdm.sosthe.sk\/~srakarova\/index.php\/wp-json\/wp\/v2\/media?parent=46"}],"curies":[{"name":"wp","href":"https:\/\/api.w.org\/{rel}","templated":true}]}}