{"id":50,"date":"2023-10-09T10:25:42","date_gmt":"2023-10-09T08:25:42","guid":{"rendered":"https:\/\/gdm.sosthe.sk\/~srakarova\/?page_id=50"},"modified":"2023-10-16T10:43:58","modified_gmt":"2023-10-16T08:43:58","slug":"50-2","status":"publish","type":"page","link":"https:\/\/gdm.sosthe.sk\/~srakarova\/index.php\/50-2\/","title":{"rendered":"Video"},"content":{"rendered":"<h5>Cvi\u010denie \u010d.4 \u2013 Prehr\u00e1vanie videa v html<\/h5>\n<div class=\"entry-content\">\n<h5>T\u00e9ma:\u00a0Prehr\u00e1vanie videa v HTML<\/h5>\n<h5>\u00daloha:\u00a0Vytvorte HTML dokument s n\u00e1zvom\u00a0<em>video.html<\/em>, ktor\u00fd umo\u017en\u00ed prehr\u00e1vanie videosekvencie vo vami zvolenom form\u00e1te priamo na va\u0161ich webstr\u00e1nkach. Prehr\u00e1vanie videa mus\u00ed umo\u017e\u0148ova\u0165 op\u00e4tovn\u00e9 spustenie a ovl\u00e1danie hlasitosti.<\/h5>\n<h5>Podmienky: Vytvoren\u00fd dokument umiestnite na svoj blog v polo\u017eke HTML ako \u201eZadanie \u010d.4 Prehr\u00e1vanie videa v html\u201c s pln\u00fdm znen\u00edm \u00falohy a odkazom na s\u00fabor.<\/h5>\n<p><a href=\"https:\/\/gdm.sosthe.sk\/~srakarova\/video\/video.html\">odkaz.<\/a><\/p>\n<\/div>\n","protected":false},"excerpt":{"rendered":"<p>Cvi\u010denie \u010d.4 \u2013 Prehr\u00e1vanie videa v html T\u00e9ma:\u00a0Prehr\u00e1vanie videa v HTML \u00daloha:\u00a0Vytvorte HTML dokument s n\u00e1zvom\u00a0video.html, ktor\u00fd umo\u017en\u00ed prehr\u00e1vanie videosekvencie vo vami zvolenom form\u00e1te priamo na va\u0161ich webstr\u00e1nkach. Prehr\u00e1vanie videa mus\u00ed umo\u017e\u0148ova\u0165 op\u00e4tovn\u00e9 spustenie a ovl\u00e1danie hlasitosti. Podmienky: Vytvoren\u00fd dokument umiestnite na svoj blog v polo\u017eke HTML ako \u201eZadanie \u010d.4 Prehr\u00e1vanie videa v html\u201c s [&hellip;]<\/p>\n","protected":false},"author":1,"featured_media":0,"parent":0,"menu_order":0,"comment_status":"closed","ping_status":"closed","template":"","meta":{"footnotes":""},"_links":{"self":[{"href":"https:\/\/gdm.sosthe.sk\/~srakarova\/index.php\/wp-json\/wp\/v2\/pages\/50"}],"collection":[{"href":"https:\/\/gdm.sosthe.sk\/~srakarova\/index.php\/wp-json\/wp\/v2\/pages"}],"about":[{"href":"https:\/\/gdm.sosthe.sk\/~srakarova\/index.php\/wp-json\/wp\/v2\/types\/page"}],"author":[{"embeddable":true,"href":"https:\/\/gdm.sosthe.sk\/~srakarova\/index.php\/wp-json\/wp\/v2\/users\/1"}],"replies":[{"embeddable":true,"href":"https:\/\/gdm.sosthe.sk\/~srakarova\/index.php\/wp-json\/wp\/v2\/comments?post=50"}],"version-history":[{"count":2,"href":"https:\/\/gdm.sosthe.sk\/~srakarova\/index.php\/wp-json\/wp\/v2\/pages\/50\/revisions"}],"predecessor-version":[{"id":52,"href":"https:\/\/gdm.sosthe.sk\/~srakarova\/index.php\/wp-json\/wp\/v2\/pages\/50\/revisions\/52"}],"wp:attachment":[{"href":"https:\/\/gdm.sosthe.sk\/~srakarova\/index.php\/wp-json\/wp\/v2\/media?parent=50"}],"curies":[{"name":"wp","href":"https:\/\/api.w.org\/{rel}","templated":true}]}}