{"id":58,"date":"2023-10-16T10:39:17","date_gmt":"2023-10-16T08:39:17","guid":{"rendered":"https:\/\/gdm.sosthe.sk\/~srakarova\/?page_id=58"},"modified":"2023-11-06T10:26:35","modified_gmt":"2023-11-06T09:26:35","slug":"javascript-2","status":"publish","type":"page","link":"https:\/\/gdm.sosthe.sk\/~srakarova\/index.php\/javascript-2\/","title":{"rendered":"JavaScript v html"},"content":{"rendered":"<h5>Cvi\u010denie \u010d.5 \u2013 JavaScript v HTML dokumente<\/h5>\n<div class=\"entry-content\">\n<h5>\u00daloha:\u00a0Vytvorte HTML dokument, ktor\u00fd sa bude naz\u00fdva\u0165\u00a0<em>javascript.html<\/em>\u00a0a ktor\u00fd bude obsahova\u0165 kalend\u00e1r z hodinami zobrazovan\u00fd na pravej strane str\u00e1nky kde na \u013eavej strane sa bude nach\u00e1dza\u0165 text popisuj\u00faci hist\u00f3riu na\u0161ej \u0161koly.<\/h5>\n<h5>Podmienky: Vytvoren\u00fd dokument umiestnite na svoj blog v polo\u017eke JavaScript ako \u201eZadanie \u010d.5 JavaScript v html\u201c s pln\u00fdm znen\u00edm \u00falohy a odkazom na s\u00fabor.<\/h5>\n<p><a href=\"https:\/\/gdm.sosthe.sk\/~srakarova\/javascript.html\">odkaz.<\/a><\/p>\n<\/div>\n","protected":false},"excerpt":{"rendered":"<p>Cvi\u010denie \u010d.5 \u2013 JavaScript v HTML dokumente \u00daloha:\u00a0Vytvorte HTML dokument, ktor\u00fd sa bude naz\u00fdva\u0165\u00a0javascript.html\u00a0a ktor\u00fd bude obsahova\u0165 kalend\u00e1r z hodinami zobrazovan\u00fd na pravej strane str\u00e1nky kde na \u013eavej strane sa bude nach\u00e1dza\u0165 text popisuj\u00faci hist\u00f3riu na\u0161ej \u0161koly. Podmienky: Vytvoren\u00fd dokument umiestnite na svoj blog v polo\u017eke JavaScript ako \u201eZadanie \u010d.5 JavaScript v html\u201c s pln\u00fdm [&hellip;]<\/p>\n","protected":false},"author":1,"featured_media":0,"parent":0,"menu_order":0,"comment_status":"closed","ping_status":"closed","template":"","meta":{"footnotes":""},"_links":{"self":[{"href":"https:\/\/gdm.sosthe.sk\/~srakarova\/index.php\/wp-json\/wp\/v2\/pages\/58"}],"collection":[{"href":"https:\/\/gdm.sosthe.sk\/~srakarova\/index.php\/wp-json\/wp\/v2\/pages"}],"about":[{"href":"https:\/\/gdm.sosthe.sk\/~srakarova\/index.php\/wp-json\/wp\/v2\/types\/page"}],"author":[{"embeddable":true,"href":"https:\/\/gdm.sosthe.sk\/~srakarova\/index.php\/wp-json\/wp\/v2\/users\/1"}],"replies":[{"embeddable":true,"href":"https:\/\/gdm.sosthe.sk\/~srakarova\/index.php\/wp-json\/wp\/v2\/comments?post=58"}],"version-history":[{"count":12,"href":"https:\/\/gdm.sosthe.sk\/~srakarova\/index.php\/wp-json\/wp\/v2\/pages\/58\/revisions"}],"predecessor-version":[{"id":80,"href":"https:\/\/gdm.sosthe.sk\/~srakarova\/index.php\/wp-json\/wp\/v2\/pages\/58\/revisions\/80"}],"wp:attachment":[{"href":"https:\/\/gdm.sosthe.sk\/~srakarova\/index.php\/wp-json\/wp\/v2\/media?parent=58"}],"curies":[{"name":"wp","href":"https:\/\/api.w.org\/{rel}","templated":true}]}}