{"id":68,"date":"2023-11-06T10:03:15","date_gmt":"2023-11-06T09:03:15","guid":{"rendered":"https:\/\/gdm.sosthe.sk\/~srakarova\/?page_id=68"},"modified":"2023-12-04T09:51:17","modified_gmt":"2023-12-04T08:51:17","slug":"68-2","status":"publish","type":"page","link":"https:\/\/gdm.sosthe.sk\/~srakarova\/index.php\/68-2\/","title":{"rendered":"Z\u00e1klady PHP"},"content":{"rendered":"<h5>Cvi\u010denie \u010d.6 \u2013 Z\u00e1klady PHP<\/h5>\n<div class=\"entry-content\">\n<h5>T\u00e9ma:\u00a0Z\u00e1klady PHP \u2013 vytvorenie prv\u00e9ho skriptu<\/h5>\n<h5>\u00daloha:\u00a0Vytvorte PHP skript, ktor\u00fd bude zobrazova\u0165 nastavenie PHP v\u00e1\u0161ho webhostingov\u00e9ho serveru. Skript vlo\u017ete do s\u00faboru s n\u00e1zvom\u00a0<em>test.php<\/em>, tento s\u00fabor skop\u00edrujte pomocou FTP na v\u00e1\u0161 server a overte jeho funkciu.<\/h5>\n<h5>Podmienky: Vytvoren\u00fd dokument umiestnite na svoj blog v polo\u017eke PHP ako \u201eZadanie \u010d.6 Test php\u201c s pln\u00fdm znen\u00edm \u00falohy a odkazom na s\u00fabor.<\/h5>\n<p><a href=\"https:\/\/gdm.sosthe.sk\/~srakarova\/test.php\">odkaz.<\/a><\/p>\n<\/div>\n","protected":false},"excerpt":{"rendered":"<p>Cvi\u010denie \u010d.6 \u2013 Z\u00e1klady PHP T\u00e9ma:\u00a0Z\u00e1klady PHP \u2013 vytvorenie prv\u00e9ho skriptu \u00daloha:\u00a0Vytvorte PHP skript, ktor\u00fd bude zobrazova\u0165 nastavenie PHP v\u00e1\u0161ho webhostingov\u00e9ho serveru. Skript vlo\u017ete do s\u00faboru s n\u00e1zvom\u00a0test.php, tento s\u00fabor skop\u00edrujte pomocou FTP na v\u00e1\u0161 server a overte jeho funkciu. Podmienky: Vytvoren\u00fd dokument umiestnite na svoj blog v polo\u017eke PHP ako \u201eZadanie \u010d.6 Test php\u201c [&hellip;]<\/p>\n","protected":false},"author":1,"featured_media":0,"parent":0,"menu_order":0,"comment_status":"closed","ping_status":"closed","template":"","meta":{"footnotes":""},"_links":{"self":[{"href":"https:\/\/gdm.sosthe.sk\/~srakarova\/index.php\/wp-json\/wp\/v2\/pages\/68"}],"collection":[{"href":"https:\/\/gdm.sosthe.sk\/~srakarova\/index.php\/wp-json\/wp\/v2\/pages"}],"about":[{"href":"https:\/\/gdm.sosthe.sk\/~srakarova\/index.php\/wp-json\/wp\/v2\/types\/page"}],"author":[{"embeddable":true,"href":"https:\/\/gdm.sosthe.sk\/~srakarova\/index.php\/wp-json\/wp\/v2\/users\/1"}],"replies":[{"embeddable":true,"href":"https:\/\/gdm.sosthe.sk\/~srakarova\/index.php\/wp-json\/wp\/v2\/comments?post=68"}],"version-history":[{"count":3,"href":"https:\/\/gdm.sosthe.sk\/~srakarova\/index.php\/wp-json\/wp\/v2\/pages\/68\/revisions"}],"predecessor-version":[{"id":72,"href":"https:\/\/gdm.sosthe.sk\/~srakarova\/index.php\/wp-json\/wp\/v2\/pages\/68\/revisions\/72"}],"wp:attachment":[{"href":"https:\/\/gdm.sosthe.sk\/~srakarova\/index.php\/wp-json\/wp\/v2\/media?parent=68"}],"curies":[{"name":"wp","href":"https:\/\/api.w.org\/{rel}","templated":true}]}}