{"id":92,"date":"2024-01-08T09:42:32","date_gmt":"2024-01-08T08:42:32","guid":{"rendered":"https:\/\/gdm.sosthe.sk\/~srakarova\/?page_id=92"},"modified":"2024-01-08T10:17:02","modified_gmt":"2024-01-08T09:17:02","slug":"zadanie-c-9-vetvenie-a-cykly","status":"publish","type":"page","link":"https:\/\/gdm.sosthe.sk\/~srakarova\/index.php\/zadanie-c-9-vetvenie-a-cykly\/","title":{"rendered":"Zadanie \u010d.9 Vetvenie a cykly"},"content":{"rendered":"<h5>Cvi\u010denie \u010d.9 \u2013 Vetvenie a cykly<\/h5>\n<div class=\"entry-content\">\n<h5>T\u00e9ma:\u00a0Vetvenie a cykly v PHP<\/h5>\n<h5>\u00daloha:\u00a0Vytvorte webov\u00fa str\u00e1nku s n\u00e1zvom cyklus.php po spusten\u00ed, ktorej sa zobraz\u00ed st\u013apec \u010d\u00edsel od 1 do 12; potom skript na tejto str\u00e1nke upravte tak, aby po spusten\u00ed zobrazil namiesto \u010d\u00edsel n\u00e1zvy mesiacov v slovenskej transkripci\u00ed.<\/h5>\n<h5>Podmienky:\u00a0Vytvoren\u00fd dokument umiestnite na svoj blog v polo\u017eke PHP ako \u201eZadanie \u010d.9 Vetvenie a cykly\u201c s pln\u00fdm znen\u00edm \u00falohy a odkazom na s\u00fabor cyklus.php<\/h5>\n<\/div>\n<p><a href=\"http:\/\/gdm.sosthe.sk\/~srakarova\/korytnacka\/cyklus.php\">odkaz.<\/a><\/p>\n","protected":false},"excerpt":{"rendered":"<p>Cvi\u010denie \u010d.9 \u2013 Vetvenie a cykly T\u00e9ma:\u00a0Vetvenie a cykly v PHP \u00daloha:\u00a0Vytvorte webov\u00fa str\u00e1nku s n\u00e1zvom cyklus.php po spusten\u00ed, ktorej sa zobraz\u00ed st\u013apec \u010d\u00edsel od 1 do 12; potom skript na tejto str\u00e1nke upravte tak, aby po spusten\u00ed zobrazil namiesto \u010d\u00edsel n\u00e1zvy mesiacov v slovenskej transkripci\u00ed. Podmienky:\u00a0Vytvoren\u00fd dokument umiestnite na svoj blog v polo\u017eke PHP [&hellip;]<\/p>\n","protected":false},"author":1,"featured_media":0,"parent":0,"menu_order":0,"comment_status":"closed","ping_status":"closed","template":"","meta":{"footnotes":""},"_links":{"self":[{"href":"https:\/\/gdm.sosthe.sk\/~srakarova\/index.php\/wp-json\/wp\/v2\/pages\/92"}],"collection":[{"href":"https:\/\/gdm.sosthe.sk\/~srakarova\/index.php\/wp-json\/wp\/v2\/pages"}],"about":[{"href":"https:\/\/gdm.sosthe.sk\/~srakarova\/index.php\/wp-json\/wp\/v2\/types\/page"}],"author":[{"embeddable":true,"href":"https:\/\/gdm.sosthe.sk\/~srakarova\/index.php\/wp-json\/wp\/v2\/users\/1"}],"replies":[{"embeddable":true,"href":"https:\/\/gdm.sosthe.sk\/~srakarova\/index.php\/wp-json\/wp\/v2\/comments?post=92"}],"version-history":[{"count":7,"href":"https:\/\/gdm.sosthe.sk\/~srakarova\/index.php\/wp-json\/wp\/v2\/pages\/92\/revisions"}],"predecessor-version":[{"id":100,"href":"https:\/\/gdm.sosthe.sk\/~srakarova\/index.php\/wp-json\/wp\/v2\/pages\/92\/revisions\/100"}],"wp:attachment":[{"href":"https:\/\/gdm.sosthe.sk\/~srakarova\/index.php\/wp-json\/wp\/v2\/media?parent=92"}],"curies":[{"name":"wp","href":"https:\/\/api.w.org\/{rel}","templated":true}]}}